{"id":541,"date":"2022-12-27T11:31:42","date_gmt":"2022-12-27T11:31:42","guid":{"rendered":"https:\/\/aslambusiness.live-website.com\/?page_id=541"},"modified":"2023-09-05T12:20:42","modified_gmt":"2023-09-05T12:20:42","slug":"seguridad","status":"publish","type":"page","link":"https:\/\/aslambusinesscorp.es\/index.php\/seguridad\/","title":{"rendered":"Seguridad"},"content":{"rendered":"\t\t<div data-elementor-type=\"wp-page\" data-elementor-id=\"541\" class=\"elementor elementor-541\" data-elementor-post-type=\"page\">\n\t\t\t\t\t\t<section class=\"elementor-section elementor-top-section elementor-element elementor-element-53c96701 elementor-section-height-min-height elementor-section-boxed elementor-section-height-default elementor-section-items-middle\" data-id=\"53c96701\" data-element_type=\"section\" data-e-type=\"section\" data-settings=\"{&quot;background_background&quot;:&quot;classic&quot;}\">\n\t\t\t\t\t\t<div class=\"elementor-container elementor-column-gap-default\">\n\t\t\t\t\t<div class=\"elementor-column elementor-col-100 elementor-top-column elementor-element elementor-element-1f4cfdb8\" data-id=\"1f4cfdb8\" data-element_type=\"column\" data-e-type=\"column\">\n\t\t\t<div class=\"elementor-widget-wrap elementor-element-populated\">\n\t\t\t\t\t\t<div class=\"elementor-element elementor-element-abfaaef elementor-widget elementor-widget-text-editor\" data-id=\"abfaaef\" data-element_type=\"widget\" data-e-type=\"widget\" data-widget_type=\"text-editor.default\">\n\t\t\t\t<div class=\"elementor-widget-container\">\n\t\t\t\t\t\t\t\t\t<p>La digitalizaci\u00f3n a tu alcance<\/p>\t\t\t\t\t\t\t\t<\/div>\n\t\t\t\t<\/div>\n\t\t\t\t<div class=\"elementor-element elementor-element-74d5cceb elementor-widget elementor-widget-heading\" data-id=\"74d5cceb\" data-element_type=\"widget\" data-e-type=\"widget\" data-widget_type=\"heading.default\">\n\t\t\t\t<div class=\"elementor-widget-container\">\n\t\t\t\t\t<h1 class=\"elementor-heading-title elementor-size-default\">Seguridad<\/h1>\t\t\t\t<\/div>\n\t\t\t\t<\/div>\n\t\t\t\t\t<\/div>\n\t\t<\/div>\n\t\t\t\t\t<\/div>\n\t\t<\/section>\n\t\t\t\t<section class=\"elementor-section elementor-top-section elementor-element elementor-element-196f5f47 elementor-section-boxed elementor-section-height-default elementor-section-height-default\" data-id=\"196f5f47\" data-element_type=\"section\" data-e-type=\"section\">\n\t\t\t\t\t\t<div class=\"elementor-container elementor-column-gap-default\">\n\t\t\t\t\t<div class=\"elementor-column elementor-col-50 elementor-top-column elementor-element elementor-element-700e3f43\" data-id=\"700e3f43\" data-element_type=\"column\" data-e-type=\"column\">\n\t\t\t<div class=\"elementor-widget-wrap elementor-element-populated\">\n\t\t\t\t\t\t<div class=\"elementor-element elementor-element-72e68225 elementor-widget elementor-widget-heading\" data-id=\"72e68225\" data-element_type=\"widget\" data-e-type=\"widget\" data-widget_type=\"heading.default\">\n\t\t\t\t<div class=\"elementor-widget-container\">\n\t\t\t\t\t<h4 class=\"elementor-heading-title elementor-size-default\">Tecnolog\u00eda eficiente y moderna<\/h4>\t\t\t\t<\/div>\n\t\t\t\t<\/div>\n\t\t\t\t<div class=\"elementor-element elementor-element-3d37d919 elementor-widget elementor-widget-heading\" data-id=\"3d37d919\" data-element_type=\"widget\" data-e-type=\"widget\" data-widget_type=\"heading.default\">\n\t\t\t\t<div class=\"elementor-widget-container\">\n\t\t\t\t\t<h2 class=\"elementor-heading-title elementor-size-default\">En qu\u00e9<br>Consiste<\/h2>\t\t\t\t<\/div>\n\t\t\t\t<\/div>\n\t\t\t\t\t<\/div>\n\t\t<\/div>\n\t\t\t\t<div class=\"elementor-column elementor-col-50 elementor-top-column elementor-element elementor-element-1e1a8102\" data-id=\"1e1a8102\" data-element_type=\"column\" data-e-type=\"column\">\n\t\t\t<div class=\"elementor-widget-wrap elementor-element-populated\">\n\t\t\t\t\t\t<div class=\"elementor-element elementor-element-a20fc84 elementor-widget elementor-widget-text-editor\" data-id=\"a20fc84\" data-element_type=\"widget\" data-e-type=\"widget\" data-widget_type=\"text-editor.default\">\n\t\t\t\t<div class=\"elementor-widget-container\">\n\t\t\t\t\t\t\t\t\t<p>La seguridad en Espa\u00f1a necesita digitalizarse para no quedarse atr\u00e1s.<\/p><p>El sector de la seguridad privada se ha quedado atr\u00e1s y precisa evolucionar hacia la necesaria transformaci\u00f3n digital con inversi\u00f3n, formaci\u00f3n, actualizaci\u00f3n de la regulaci\u00f3n y la incorporaci\u00f3n de la IA, los an\u00e1lisis de datos, los robots y el resto de tecnolog\u00edas emergentes. Ese dinamismo requiere el apoyo de <strong>la m\u00e1s moderna y eficiente tecnolog\u00eda<\/strong>.<\/p><p>\u00a1T\u00fa lo sabes y nosotros tambi\u00e9n!<\/p>\t\t\t\t\t\t\t\t<\/div>\n\t\t\t\t<\/div>\n\t\t\t\t\t<\/div>\n\t\t<\/div>\n\t\t\t\t\t<\/div>\n\t\t<\/section>\n\t\t\t\t<section class=\"elementor-section elementor-top-section elementor-element elementor-element-4ed67ed elementor-section-boxed elementor-section-height-default elementor-section-height-default\" data-id=\"4ed67ed\" data-element_type=\"section\" data-e-type=\"section\">\n\t\t\t\t\t\t<div class=\"elementor-container elementor-column-gap-default\">\n\t\t\t\t\t<div class=\"elementor-column elementor-col-100 elementor-top-column elementor-element elementor-element-5b7b720d\" data-id=\"5b7b720d\" data-element_type=\"column\" data-e-type=\"column\">\n\t\t\t<div class=\"elementor-widget-wrap elementor-element-populated\">\n\t\t\t\t\t\t<div class=\"elementor-element elementor-element-72c92088 elementor-widget elementor-widget-heading\" data-id=\"72c92088\" data-element_type=\"widget\" data-e-type=\"widget\" data-widget_type=\"heading.default\">\n\t\t\t\t<div class=\"elementor-widget-container\">\n\t\t\t\t\t<h4 class=\"elementor-heading-title elementor-size-default\">Trabajamos para prevenir riesgos<\/h4>\t\t\t\t<\/div>\n\t\t\t\t<\/div>\n\t\t\t\t<div class=\"elementor-element elementor-element-7004ed7e elementor-widget elementor-widget-heading\" data-id=\"7004ed7e\" data-element_type=\"widget\" data-e-type=\"widget\" data-widget_type=\"heading.default\">\n\t\t\t\t<div class=\"elementor-widget-container\">\n\t\t\t\t\t<h2 class=\"elementor-heading-title elementor-size-default\">Innovaci\u00f3n digital <BR>para garantizar la seguridad<\/h2>\t\t\t\t<\/div>\n\t\t\t\t<\/div>\n\t\t\t\t<section class=\"elementor-section elementor-inner-section elementor-element elementor-element-502c9617 elementor-section-boxed elementor-section-height-default elementor-section-height-default\" data-id=\"502c9617\" data-element_type=\"section\" data-e-type=\"section\">\n\t\t\t\t\t\t<div class=\"elementor-container elementor-column-gap-default\">\n\t\t\t\t\t<div class=\"elementor-column elementor-col-50 elementor-inner-column elementor-element elementor-element-68ac13e1\" data-id=\"68ac13e1\" data-element_type=\"column\" data-e-type=\"column\">\n\t\t\t<div class=\"elementor-widget-wrap elementor-element-populated\">\n\t\t\t\t\t\t<div class=\"elementor-element elementor-element-3a06a392 elementor-widget elementor-widget-image\" data-id=\"3a06a392\" data-element_type=\"widget\" data-e-type=\"widget\" data-widget_type=\"image.default\">\n\t\t\t\t<div class=\"elementor-widget-container\">\n\t\t\t\t\t\t\t\t\t\t\t\t\t\t\t<img fetchpriority=\"high\" decoding=\"async\" width=\"800\" height=\"497\" src=\"https:\/\/aslambusinesscorp.es\/wp-content\/uploads\/2023\/08\/FOTO9-1024x636.jpg\" class=\"attachment-large size-large wp-image-2368\" alt=\"\" srcset=\"https:\/\/aslambusinesscorp.es\/wp-content\/uploads\/2023\/08\/FOTO9-1024x636.jpg 1024w, https:\/\/aslambusinesscorp.es\/wp-content\/uploads\/2023\/08\/FOTO9-300x186.jpg 300w, https:\/\/aslambusinesscorp.es\/wp-content\/uploads\/2023\/08\/FOTO9-768x477.jpg 768w, https:\/\/aslambusinesscorp.es\/wp-content\/uploads\/2023\/08\/FOTO9-1536x953.jpg 1536w, https:\/\/aslambusinesscorp.es\/wp-content\/uploads\/2023\/08\/FOTO9-2048x1271.jpg 2048w\" sizes=\"(max-width: 800px) 100vw, 800px\" \/>\t\t\t\t\t\t\t\t\t\t\t\t\t\t\t<\/div>\n\t\t\t\t<\/div>\n\t\t\t\t\t<\/div>\n\t\t<\/div>\n\t\t\t\t<div class=\"elementor-column elementor-col-50 elementor-inner-column elementor-element elementor-element-35f67322\" data-id=\"35f67322\" data-element_type=\"column\" data-e-type=\"column\">\n\t\t\t<div class=\"elementor-widget-wrap elementor-element-populated\">\n\t\t\t\t\t\t<div class=\"elementor-element elementor-element-59b404a9 elementor-widget elementor-widget-text-editor\" data-id=\"59b404a9\" data-element_type=\"widget\" data-e-type=\"widget\" data-widget_type=\"text-editor.default\">\n\t\t\t\t<div class=\"elementor-widget-container\">\n\t\t\t\t\t\t\t\t\t<p>En cuanto a innovaci\u00f3n tecnol\u00f3gica, la seguridad en Espa\u00f1a deber\u00eda ser predictiva y preventiva, para permitir predecir riesgos y eventos de seguridad, y ofrecer soluciones integrales que ya est\u00e1n en el mercado. Los expertos del sector sostienen que estas innovaciones no se est\u00e1n implementando por falta de inversi\u00f3n, de regulaci\u00f3n normativa y de formaci\u00f3n de los equipos de personas y tecnolog\u00edas en este importante \u00e1mbito de la seguridad de las empresas. Mejorando la prestaci\u00f3n de servicios y experiencia de los clientes, la industria de la seguridad debe actualizarse continuamente cumpliendo con las necesidades actuales.<\/p><p>El sector necesita avanzar hacia soluciones digitalizadas que eviten errores humanos, el trabajo con datos que creen informaci\u00f3n, y que una vez analizada se convierta en conocimiento que optimice el tiempo y los procesos. Las claves de su retraso tecnol\u00f3gico son la falta de las necesarias herramientas apropiadas, de formaci\u00f3n del personal, mayor inversi\u00f3n y el par\u00f3n de la normativa de seguridad privada, que no est\u00e1 todav\u00eda adaptada para asumir la digitalizaci\u00f3n.<\/p><p>La necesidad de inversi\u00f3n en digitalizaci\u00f3n que las compa\u00f1\u00edas no contemplan todav\u00eda, hasta que no se les muestre el valor que puede alcanzar, para ir m\u00e1s all\u00e1 de c\u00e1maras, esc\u00e1neres y vigilantes humanos, pero que requiere de presupuestos muy altos.<\/p><p>El otro escollo importante es la actualizaci\u00f3n de la Ley que les permita incorporar estas nuevas tecnolog\u00edas. Necesitan mayor transversalidad de las normas, porque estos medios deben ser homologados por el departamento gubernamental competente (Direcci\u00f3n General de Seguridad Privada del Ministerio de Interior).<\/p>\t\t\t\t\t\t\t\t<\/div>\n\t\t\t\t<\/div>\n\t\t\t\t\t<\/div>\n\t\t<\/div>\n\t\t\t\t\t<\/div>\n\t\t<\/section>\n\t\t\t\t\t<\/div>\n\t\t<\/div>\n\t\t\t\t\t<\/div>\n\t\t<\/section>\n\t\t\t\t<section class=\"elementor-section elementor-top-section elementor-element elementor-element-5322f759 elementor-section-height-min-height elementor-section-boxed elementor-section-height-default elementor-section-items-middle\" data-id=\"5322f759\" data-element_type=\"section\" data-e-type=\"section\" data-settings=\"{&quot;background_background&quot;:&quot;classic&quot;}\">\n\t\t\t\t\t\t\t<div class=\"elementor-background-overlay\"><\/div>\n\t\t\t\t\t\t\t<div class=\"elementor-container elementor-column-gap-default\">\n\t\t\t\t\t<div class=\"elementor-column elementor-col-100 elementor-top-column elementor-element elementor-element-8349345\" data-id=\"8349345\" data-element_type=\"column\" data-e-type=\"column\">\n\t\t\t<div class=\"elementor-widget-wrap elementor-element-populated\">\n\t\t\t\t\t\t<div class=\"elementor-element elementor-element-1647a52 elementor-widget elementor-widget-heading\" data-id=\"1647a52\" data-element_type=\"widget\" data-e-type=\"widget\" data-settings=\"{&quot;motion_fx_motion_fx_scrolling&quot;:&quot;yes&quot;,&quot;motion_fx_devices&quot;:[&quot;desktop&quot;,&quot;tablet&quot;,&quot;mobile&quot;]}\" data-widget_type=\"heading.default\">\n\t\t\t\t<div class=\"elementor-widget-container\">\n\t\t\t\t\t<h2 class=\"elementor-heading-title elementor-size-default\">\u201cEl sector necesita avanzar hacia soluciones digitalizadas que eviten errores humanos, el trabajo con datos que creen informaci\u00f3n, y que una vez analizada se convierta en conocimiento que optimice el tiempo y los procesos.\u201d<\/h2>\t\t\t\t<\/div>\n\t\t\t\t<\/div>\n\t\t\t\t\t<\/div>\n\t\t<\/div>\n\t\t\t\t\t<\/div>\n\t\t<\/section>\n\t\t\t\t<section class=\"elementor-section elementor-top-section elementor-element elementor-element-786b22d2 elementor-section-boxed elementor-section-height-default elementor-section-height-default\" data-id=\"786b22d2\" data-element_type=\"section\" data-e-type=\"section\">\n\t\t\t\t\t\t<div class=\"elementor-container elementor-column-gap-default\">\n\t\t\t\t\t<div class=\"elementor-column elementor-col-50 elementor-top-column elementor-element elementor-element-2d1bd985\" data-id=\"2d1bd985\" data-element_type=\"column\" data-e-type=\"column\">\n\t\t\t<div class=\"elementor-widget-wrap elementor-element-populated\">\n\t\t\t\t\t\t<div class=\"elementor-element elementor-element-42dd049e elementor-widget elementor-widget-heading\" data-id=\"42dd049e\" data-element_type=\"widget\" data-e-type=\"widget\" data-widget_type=\"heading.default\">\n\t\t\t\t<div class=\"elementor-widget-container\">\n\t\t\t\t\t<h4 class=\"elementor-heading-title elementor-size-default\">Sabemos c\u00f3mo hacerlo<\/h4>\t\t\t\t<\/div>\n\t\t\t\t<\/div>\n\t\t\t\t<div class=\"elementor-element elementor-element-4f4bdcb9 elementor-widget elementor-widget-heading\" data-id=\"4f4bdcb9\" data-element_type=\"widget\" data-e-type=\"widget\" data-widget_type=\"heading.default\">\n\t\t\t\t<div class=\"elementor-widget-container\">\n\t\t\t\t\t<h2 class=\"elementor-heading-title elementor-size-default\">Nuestra experiencia a tu alcance<\/h2>\t\t\t\t<\/div>\n\t\t\t\t<\/div>\n\t\t\t\t\t<\/div>\n\t\t<\/div>\n\t\t\t\t<div class=\"elementor-column elementor-col-50 elementor-top-column elementor-element elementor-element-3a2c0fe0\" data-id=\"3a2c0fe0\" data-element_type=\"column\" data-e-type=\"column\">\n\t\t\t<div class=\"elementor-widget-wrap elementor-element-populated\">\n\t\t\t\t\t\t<div class=\"elementor-element elementor-element-37beec2f elementor-widget elementor-widget-text-editor\" data-id=\"37beec2f\" data-element_type=\"widget\" data-e-type=\"widget\" data-widget_type=\"text-editor.default\">\n\t\t\t\t<div class=\"elementor-widget-container\">\n\t\t\t\t\t\t\t\t\t<p>Proveemos monitoreo y evaluaci\u00f3n basado en herramientas tales como VIGI, SiteScope, Dynatrace y AppDynamics, adem\u00e1s de entrenamiento y consultor\u00eda en SSCM.<\/p><p>En el pasado reciente, hemos colaborado con el Grupo AXA, una de las mayores aseguradoras a nivel mundial, en la implementaci\u00f3n de varios proyectos.<\/p><p>Los retos son m\u00faltiples en la industria, y las <strong>posibilidades de negocio <\/strong>son asimismo numerosas. La tecnolog\u00eda est\u00e1 de nuestro lado, y cada vez m\u00e1s, permite la interacci\u00f3n de los sistemas, adem\u00e1s de la mejora y la simplificaci\u00f3n de los procesos.<strong> Sabemos c\u00f3mo hacerlo <\/strong>porque ya lo hemos hecho con \u00e9xito, tanto en Espa\u00f1a como a nivel internacional.<\/p>\t\t\t\t\t\t\t\t<\/div>\n\t\t\t\t<\/div>\n\t\t\t\t\t<\/div>\n\t\t<\/div>\n\t\t\t\t\t<\/div>\n\t\t<\/section>\n\t\t\t\t<section class=\"elementor-section elementor-top-section elementor-element elementor-element-f59229 elementor-section-boxed elementor-section-height-default elementor-section-height-default\" data-id=\"f59229\" data-element_type=\"section\" data-e-type=\"section\" data-settings=\"{&quot;background_background&quot;:&quot;classic&quot;}\">\n\t\t\t\t\t\t<div class=\"elementor-container elementor-column-gap-default\">\n\t\t\t\t\t<div class=\"elementor-column elementor-col-100 elementor-top-column elementor-element elementor-element-2613ce9a\" data-id=\"2613ce9a\" data-element_type=\"column\" data-e-type=\"column\" data-settings=\"{&quot;background_background&quot;:&quot;classic&quot;}\">\n\t\t\t<div class=\"elementor-widget-wrap elementor-element-populated\">\n\t\t\t\t\t\t<div class=\"elementor-element elementor-element-37252e25 elementor-widget elementor-widget-heading\" data-id=\"37252e25\" data-element_type=\"widget\" data-e-type=\"widget\" data-widget_type=\"heading.default\">\n\t\t\t\t<div class=\"elementor-widget-container\">\n\t\t\t\t\t<h2 class=\"elementor-heading-title elementor-size-default\">Somos expertos en seguridad<\/h2>\t\t\t\t<\/div>\n\t\t\t\t<\/div>\n\t\t\t\t<div class=\"elementor-element elementor-element-1a039ad7 elementor-widget elementor-widget-text-editor\" data-id=\"1a039ad7\" data-element_type=\"widget\" data-e-type=\"widget\" data-widget_type=\"text-editor.default\">\n\t\t\t\t<div class=\"elementor-widget-container\">\n\t\t\t\t\t\t\t\t\t<p>Comparte con nosotros tu proyecto, podemos brindarte lo que necesitas para alcanzar tus objetivos y conseguir logros significativos con la m\u00e1xima Seguridad posible. La transformaci\u00f3n digital redundar\u00e1 en una mayor satisfacci\u00f3n para tus clientes, aparte de importantes beneficios y un crecimiento sostenido para tu empresa. Nuestro equipo te est\u00e1 esperando para conocer tus inquietudes, y delinear el proyecto que requieres.<\/p><p>\u00a0\u00a1Estaremos encantados de poder trabajar contigo!<\/p>\t\t\t\t\t\t\t\t<\/div>\n\t\t\t\t<\/div>\n\t\t\t\t<div class=\"elementor-element elementor-element-57574763 elementor-align-center elementor-widget elementor-widget-button\" data-id=\"57574763\" data-element_type=\"widget\" data-e-type=\"widget\" data-widget_type=\"button.default\">\n\t\t\t\t<div class=\"elementor-widget-container\">\n\t\t\t\t\t\t\t\t\t<div class=\"elementor-button-wrapper\">\n\t\t\t\t\t<a class=\"elementor-button elementor-button-link elementor-size-md\" href=\"https:\/\/aslambusiness.live-website.com\/index.php\/contacto\/\">\n\t\t\t\t\t\t<span class=\"elementor-button-content-wrapper\">\n\t\t\t\t\t\t<span class=\"elementor-button-icon\">\n\t\t\t\t<i aria-hidden=\"true\" class=\"fas fa-long-arrow-alt-right\"><\/i>\t\t\t<\/span>\n\t\t\t\t\t\t\t\t\t<span class=\"elementor-button-text\">Cont\u00e1ctanos<\/span>\n\t\t\t\t\t<\/span>\n\t\t\t\t\t<\/a>\n\t\t\t\t<\/div>\n\t\t\t\t\t\t\t\t<\/div>\n\t\t\t\t<\/div>\n\t\t\t\t\t<\/div>\n\t\t<\/div>\n\t\t\t\t\t<\/div>\n\t\t<\/section>\n\t\t\t\t<\/div>\n\t\t","protected":false},"excerpt":{"rendered":"<p>La digitalizaci\u00f3n a tu alcance Seguridad Tecnolog\u00eda eficiente y moderna En qu\u00e9Consiste La seguridad en Espa\u00f1a necesita digitalizarse para no quedarse atr\u00e1s. El sector de la seguridad privada se ha quedado atr\u00e1s y precisa evolucionar hacia la necesaria transformaci\u00f3n digital con inversi\u00f3n, formaci\u00f3n, actualizaci\u00f3n de la regulaci\u00f3n y la incorporaci\u00f3n de la IA, los an\u00e1lisis [&hellip;]<\/p>\n","protected":false},"author":3,"featured_media":0,"parent":0,"menu_order":0,"comment_status":"closed","ping_status":"closed","template":"","meta":{"footnotes":""},"class_list":["post-541","page","type-page","status-publish","hentry"],"yoast_head":"<!-- This site is optimized with the Yoast SEO plugin v27.4 - https:\/\/yoast.com\/product\/yoast-seo-wordpress\/ -->\n<title>Seguridad - Tecnolog\u00eda moderna y eficiente para la seguridad digital<\/title>\n<meta name=\"description\" content=\"Aslam ofrece las mejores soluciones en Seguridad para el desarrollo y crecimiento cotidiano de las empresas en \u00e1mbito digital y tecnol\u00f3gico.\" \/>\n<meta name=\"robots\" content=\"index, follow, max-snippet:-1, max-image-preview:large, max-video-preview:-1\" \/>\n<link rel=\"canonical\" href=\"https:\/\/aslambusinesscorp.es\/index.php\/seguridad\/\" \/>\n<meta property=\"og:locale\" content=\"es_ES\" \/>\n<meta property=\"og:type\" content=\"article\" \/>\n<meta property=\"og:title\" content=\"Seguridad - Tecnolog\u00eda moderna y eficiente para la seguridad digital\" \/>\n<meta property=\"og:description\" content=\"Aslam ofrece las mejores soluciones en Seguridad para el desarrollo y crecimiento cotidiano de las empresas en \u00e1mbito digital y tecnol\u00f3gico.\" \/>\n<meta property=\"og:url\" content=\"https:\/\/aslambusinesscorp.es\/index.php\/seguridad\/\" \/>\n<meta property=\"article:publisher\" content=\"https:\/\/es-es.facebook.com\/ASLAMNEWIT\/\" \/>\n<meta property=\"article:modified_time\" content=\"2023-09-05T12:20:42+00:00\" \/>\n<meta property=\"og:image\" content=\"https:\/\/aslambusiness.live-website.com\/wp-content\/uploads\/2023\/08\/FOTO9-1024x636.jpg\" \/>\n<meta name=\"twitter:card\" content=\"summary_large_image\" \/>\n<meta name=\"twitter:site\" content=\"@aslamnewit\" \/>\n<meta name=\"twitter:label1\" content=\"Tiempo de lectura\" \/>\n\t<meta name=\"twitter:data1\" content=\"3 minutos\" \/>\n<script type=\"application\/ld+json\" class=\"yoast-schema-graph\">{\"@context\":\"https:\\\/\\\/schema.org\",\"@graph\":[{\"@type\":\"WebPage\",\"@id\":\"https:\\\/\\\/aslambusinesscorp.es\\\/index.php\\\/seguridad\\\/\",\"url\":\"https:\\\/\\\/aslambusinesscorp.es\\\/index.php\\\/seguridad\\\/\",\"name\":\"Seguridad - Tecnolog\u00eda moderna y eficiente para la seguridad digital\",\"isPartOf\":{\"@id\":\"https:\\\/\\\/aslambusinesscorp.es\\\/#website\"},\"primaryImageOfPage\":{\"@id\":\"https:\\\/\\\/aslambusinesscorp.es\\\/index.php\\\/seguridad\\\/#primaryimage\"},\"image\":{\"@id\":\"https:\\\/\\\/aslambusinesscorp.es\\\/index.php\\\/seguridad\\\/#primaryimage\"},\"thumbnailUrl\":\"https:\\\/\\\/aslambusiness.live-website.com\\\/wp-content\\\/uploads\\\/2023\\\/08\\\/FOTO9-1024x636.jpg\",\"datePublished\":\"2022-12-27T11:31:42+00:00\",\"dateModified\":\"2023-09-05T12:20:42+00:00\",\"description\":\"Aslam ofrece las mejores soluciones en Seguridad para el desarrollo y crecimiento cotidiano de las empresas en \u00e1mbito digital y tecnol\u00f3gico.\",\"inLanguage\":\"es\",\"potentialAction\":[{\"@type\":\"ReadAction\",\"target\":[\"https:\\\/\\\/aslambusinesscorp.es\\\/index.php\\\/seguridad\\\/\"]}]},{\"@type\":\"ImageObject\",\"inLanguage\":\"es\",\"@id\":\"https:\\\/\\\/aslambusinesscorp.es\\\/index.php\\\/seguridad\\\/#primaryimage\",\"url\":\"https:\\\/\\\/aslambusiness.live-website.com\\\/wp-content\\\/uploads\\\/2023\\\/08\\\/FOTO9-1024x636.jpg\",\"contentUrl\":\"https:\\\/\\\/aslambusiness.live-website.com\\\/wp-content\\\/uploads\\\/2023\\\/08\\\/FOTO9-1024x636.jpg\"},{\"@type\":\"WebSite\",\"@id\":\"https:\\\/\\\/aslambusinesscorp.es\\\/#website\",\"url\":\"https:\\\/\\\/aslambusinesscorp.es\\\/\",\"name\":\"\",\"description\":\"\",\"potentialAction\":[{\"@type\":\"SearchAction\",\"target\":{\"@type\":\"EntryPoint\",\"urlTemplate\":\"https:\\\/\\\/aslambusinesscorp.es\\\/?s={search_term_string}\"},\"query-input\":{\"@type\":\"PropertyValueSpecification\",\"valueRequired\":true,\"valueName\":\"search_term_string\"}}],\"inLanguage\":\"es\"}]}<\/script>\n<!-- \/ Yoast SEO plugin. -->","yoast_head_json":{"title":"Seguridad - Tecnolog\u00eda moderna y eficiente para la seguridad digital","description":"Aslam ofrece las mejores soluciones en Seguridad para el desarrollo y crecimiento cotidiano de las empresas en \u00e1mbito digital y tecnol\u00f3gico.","robots":{"index":"index","follow":"follow","max-snippet":"max-snippet:-1","max-image-preview":"max-image-preview:large","max-video-preview":"max-video-preview:-1"},"canonical":"https:\/\/aslambusinesscorp.es\/index.php\/seguridad\/","og_locale":"es_ES","og_type":"article","og_title":"Seguridad - Tecnolog\u00eda moderna y eficiente para la seguridad digital","og_description":"Aslam ofrece las mejores soluciones en Seguridad para el desarrollo y crecimiento cotidiano de las empresas en \u00e1mbito digital y tecnol\u00f3gico.","og_url":"https:\/\/aslambusinesscorp.es\/index.php\/seguridad\/","article_publisher":"https:\/\/es-es.facebook.com\/ASLAMNEWIT\/","article_modified_time":"2023-09-05T12:20:42+00:00","og_image":[{"url":"https:\/\/aslambusiness.live-website.com\/wp-content\/uploads\/2023\/08\/FOTO9-1024x636.jpg","type":"","width":"","height":""}],"twitter_card":"summary_large_image","twitter_site":"@aslamnewit","twitter_misc":{"Tiempo de lectura":"3 minutos"},"schema":{"@context":"https:\/\/schema.org","@graph":[{"@type":"WebPage","@id":"https:\/\/aslambusinesscorp.es\/index.php\/seguridad\/","url":"https:\/\/aslambusinesscorp.es\/index.php\/seguridad\/","name":"Seguridad - Tecnolog\u00eda moderna y eficiente para la seguridad digital","isPartOf":{"@id":"https:\/\/aslambusinesscorp.es\/#website"},"primaryImageOfPage":{"@id":"https:\/\/aslambusinesscorp.es\/index.php\/seguridad\/#primaryimage"},"image":{"@id":"https:\/\/aslambusinesscorp.es\/index.php\/seguridad\/#primaryimage"},"thumbnailUrl":"https:\/\/aslambusiness.live-website.com\/wp-content\/uploads\/2023\/08\/FOTO9-1024x636.jpg","datePublished":"2022-12-27T11:31:42+00:00","dateModified":"2023-09-05T12:20:42+00:00","description":"Aslam ofrece las mejores soluciones en Seguridad para el desarrollo y crecimiento cotidiano de las empresas en \u00e1mbito digital y tecnol\u00f3gico.","inLanguage":"es","potentialAction":[{"@type":"ReadAction","target":["https:\/\/aslambusinesscorp.es\/index.php\/seguridad\/"]}]},{"@type":"ImageObject","inLanguage":"es","@id":"https:\/\/aslambusinesscorp.es\/index.php\/seguridad\/#primaryimage","url":"https:\/\/aslambusiness.live-website.com\/wp-content\/uploads\/2023\/08\/FOTO9-1024x636.jpg","contentUrl":"https:\/\/aslambusiness.live-website.com\/wp-content\/uploads\/2023\/08\/FOTO9-1024x636.jpg"},{"@type":"WebSite","@id":"https:\/\/aslambusinesscorp.es\/#website","url":"https:\/\/aslambusinesscorp.es\/","name":"","description":"","potentialAction":[{"@type":"SearchAction","target":{"@type":"EntryPoint","urlTemplate":"https:\/\/aslambusinesscorp.es\/?s={search_term_string}"},"query-input":{"@type":"PropertyValueSpecification","valueRequired":true,"valueName":"search_term_string"}}],"inLanguage":"es"}]}},"_links":{"self":[{"href":"https:\/\/aslambusinesscorp.es\/index.php\/wp-json\/wp\/v2\/pages\/541","targetHints":{"allow":["GET"]}}],"collection":[{"href":"https:\/\/aslambusinesscorp.es\/index.php\/wp-json\/wp\/v2\/pages"}],"about":[{"href":"https:\/\/aslambusinesscorp.es\/index.php\/wp-json\/wp\/v2\/types\/page"}],"author":[{"embeddable":true,"href":"https:\/\/aslambusinesscorp.es\/index.php\/wp-json\/wp\/v2\/users\/3"}],"replies":[{"embeddable":true,"href":"https:\/\/aslambusinesscorp.es\/index.php\/wp-json\/wp\/v2\/comments?post=541"}],"version-history":[{"count":29,"href":"https:\/\/aslambusinesscorp.es\/index.php\/wp-json\/wp\/v2\/pages\/541\/revisions"}],"predecessor-version":[{"id":2501,"href":"https:\/\/aslambusinesscorp.es\/index.php\/wp-json\/wp\/v2\/pages\/541\/revisions\/2501"}],"wp:attachment":[{"href":"https:\/\/aslambusinesscorp.es\/index.php\/wp-json\/wp\/v2\/media?parent=541"}],"curies":[{"name":"wp","href":"https:\/\/api.w.org\/{rel}","templated":true}]}}