{"id":3,"date":"2022-11-28T12:27:41","date_gmt":"2022-11-28T12:27:41","guid":{"rendered":"https:\/\/aslambusiness.live-website.com\/?page_id=3"},"modified":"2023-01-03T12:35:16","modified_gmt":"2023-01-03T12:35:16","slug":"politica-privacidad","status":"publish","type":"page","link":"https:\/\/aslambusinesscorp.es\/index.php\/politica-privacidad\/","title":{"rendered":"Pol\u00edtica de privacidad"},"content":{"rendered":"\t\t<div data-elementor-type=\"wp-page\" data-elementor-id=\"3\" class=\"elementor elementor-3\" data-elementor-post-type=\"page\">\n\t\t\t\t\t\t<section class=\"elementor-section elementor-top-section elementor-element elementor-element-1f5c294b elementor-section-boxed elementor-section-height-default elementor-section-height-default\" data-id=\"1f5c294b\" data-element_type=\"section\" data-e-type=\"section\">\n\t\t\t\t\t\t<div class=\"elementor-container elementor-column-gap-default\">\n\t\t\t\t\t<div class=\"elementor-column elementor-col-100 elementor-top-column elementor-element elementor-element-6bac1dd1\" data-id=\"6bac1dd1\" data-element_type=\"column\" data-e-type=\"column\">\n\t\t\t<div class=\"elementor-widget-wrap elementor-element-populated\">\n\t\t\t\t\t\t<div class=\"elementor-element elementor-element-5620d9b2 elementor-widget elementor-widget-text-editor\" data-id=\"5620d9b2\" data-element_type=\"widget\" data-e-type=\"widget\" data-widget_type=\"text-editor.default\">\n\t\t\t\t<div class=\"elementor-widget-container\">\n\t\t\t\t\t\t\t\t\t\n<p>En cumplimiento de lo establecido en el Reglamento (UE) 2016\/ 679 del Parlamento Europeo y del Consejo, de 27 de abril de 2016 (en adelante RGPD) le informamos que los datos personales comunicados ser\u00e1n incorporados a una base de datos titularidad de Aslam New IT S.L (en adelante ASLAM) con CIF: B86727161, direcci\u00f3n postal: Juli\u00e1n Camarillo, 10. Oficina 204, 28037 Madrid (Madrid), Madrid \u2013 Espa\u00f1a, tel\u00e9fono\u00a0 911 44 21 06, para cualquier asunto relacionado con el tratamiento de datos de personas f\u00edsicas por parte de ASLAM podr\u00e1 dirigirse a trav\u00e9s del formulario habilitado en la p\u00e1gina \u201cContacto\u201d de la p\u00e1gina web y seleccionando \u201cProtecci\u00f3n de Datos\u201d.<\/p>\n<p>ASLAM recabar\u00e1 los siguientes datos aportados por el Usuario mediante la cumplimentaci\u00f3n de los formularios de la Web:<\/p>\n\t\t\t\t\t\t\t\t<\/div>\n\t\t\t\t<\/div>\n\t\t\t\t\t<\/div>\n\t\t<\/div>\n\t\t\t\t\t<\/div>\n\t\t<\/section>\n\t\t\t\t<section class=\"elementor-section elementor-top-section elementor-element elementor-element-9e991c2 elementor-section-boxed elementor-section-height-default elementor-section-height-default\" data-id=\"9e991c2\" data-element_type=\"section\" data-e-type=\"section\">\n\t\t\t\t\t\t<div class=\"elementor-container elementor-column-gap-default\">\n\t\t\t\t\t<div class=\"elementor-column elementor-col-100 elementor-top-column elementor-element elementor-element-a655640\" data-id=\"a655640\" data-element_type=\"column\" data-e-type=\"column\">\n\t\t\t<div class=\"elementor-widget-wrap elementor-element-populated\">\n\t\t\t\t\t\t<div class=\"elementor-element elementor-element-fa8e068 elementor-widget elementor-widget-heading\" data-id=\"fa8e068\" data-element_type=\"widget\" data-e-type=\"widget\" data-widget_type=\"heading.default\">\n\t\t\t\t<div class=\"elementor-widget-container\">\n\t\t\t\t\t<h2 class=\"elementor-heading-title elementor-size-default\">Formulario de contacto<\/h2>\t\t\t\t<\/div>\n\t\t\t\t<\/div>\n\t\t\t\t<div class=\"elementor-element elementor-element-1b07754 elementor-widget elementor-widget-text-editor\" data-id=\"1b07754\" data-element_type=\"widget\" data-e-type=\"widget\" data-widget_type=\"text-editor.default\">\n\t\t\t\t<div class=\"elementor-widget-container\">\n\t\t\t\t\t\t\t\t\t\n<p>Formulario para la atenci\u00f3n de consultas relacionadas con las solicitudes de informaci\u00f3n que el usuario haya realizado por este medio.<\/p>\n<ul>\n<li>Datos recabados: nombre, correo electr\u00f3nico, asunto y mensaje.<\/li>\n<li>Finalidad: Contestar a las solicitudes de informaci\u00f3n que el usuario haya realizado por este medio a los distintos departamentos de Aslam.<\/li>\n<li>Plazos de conservaci\u00f3n: Los datos se conservar\u00e1n durante el tiempo necesario para la resoluci\u00f3n de la consulta y finalizado el mismo se conservar\u00e1n por un periodo m\u00e1ximo de un a\u00f1o.<\/li>\n<li>Legitimaci\u00f3n: nuestro inter\u00e9s leg\u00edtimo en prestar un servicio de atenci\u00f3n personalizada a quienes dirijan a ASLAM por esta v\u00eda solicitando informaci\u00f3n.<\/li>\n<li>Formulario de SUSCRIPCI\u00d3N AL BLOG: formulario para la remisi\u00f3n de informaci\u00f3n y novedades relevantes en tecnolog\u00edas de la informaci\u00f3n, innovaci\u00f3n, seguridad y transformaci\u00f3n digital que pudieran ser de su inter\u00e9s, relacionadas con las actividades de Aslam.<\/li>\n<li>Datos recabados: Nombre Apellidos y direcci\u00f3n de correo electr\u00f3nico.<\/li>\n<li>Finalidad: El registro de los usuarios para la remisi\u00f3n de informaci\u00f3n y novedades.<\/li>\n<li>Legitimaci\u00f3n: prestaci\u00f3n del consentimiento del Usuario.<\/li>\n<li>Plazos de conservaci\u00f3n: Hasta que el usuario curse baja de la plataforma de suscripci\u00f3n.<\/li>\n<\/ul>\n<p>Aslam usa c\u00e1maras de vigilancia por motivos de seguridad, para proteger a sus empleados, edificios y activos:<\/p>\n<ul>\n<li>Datos recabados: im\u00e1genes.<\/li>\n<li>Finalidad: preservar la seguridad de las personas y bienes, as\u00ed como de sus instalaciones.<\/li>\n<\/ul>\n<p>Plazos de conservaci\u00f3n: un mes desde su captaci\u00f3n, salvo cuando hubieran de ser conservados para acreditar la comisi\u00f3n de actos que atenten contra la integridad de personas, bienes o instalaciones. En ese caso las im\u00e1genes ser\u00e1n puestas a disposici\u00f3n de la autoridad competente en el plazo de setenta y dos horas, tal y como establece la normativa aplicable.<\/p>\n<ul>\n<li>Legitimaci\u00f3n: contrato de trabajo y las facultades legales de control concedidas al empleador.<\/li>\n<li>Destinatarios: No se ceder\u00e1n datos a terceros, exceptuando las cesiones o comunicaciones de datos establecidas en el p\u00e1rrafo precedente, no se producir\u00e1n cesiones o comunicaciones de datos salvo las prestaciones de servicios de terceros como encargados de tratamiento, con los que ASLAM ha firmado los correspondientes contratos de Encargado de Tratamiento, y verificado que los mismos re\u00fanen las garant\u00edas suficientes para aplicar medidas t\u00e9cnicas y organizativas apropiadas, de tal manera que el tratamiento se realiza conforme a los requisitos del RGPD garantizando la protecci\u00f3n de los derechos del interesado.<\/li>\n<\/ul>\n\t\t\t\t\t\t\t\t<\/div>\n\t\t\t\t<\/div>\n\t\t\t\t<div class=\"elementor-element elementor-element-0538e16 elementor-widget elementor-widget-heading\" data-id=\"0538e16\" data-element_type=\"widget\" data-e-type=\"widget\" data-widget_type=\"heading.default\">\n\t\t\t\t<div class=\"elementor-widget-container\">\n\t\t\t\t\t<h2 class=\"elementor-heading-title elementor-size-default\">La finalidad del tratamiento de sus datos ser\u00e1 la siguiente:<\/h2>\t\t\t\t<\/div>\n\t\t\t\t<\/div>\n\t\t\t\t<div class=\"elementor-element elementor-element-b43cfb2 elementor-widget elementor-widget-text-editor\" data-id=\"b43cfb2\" data-element_type=\"widget\" data-e-type=\"widget\" data-widget_type=\"text-editor.default\">\n\t\t\t\t<div class=\"elementor-widget-container\">\n\t\t\t\t\t\t\t\t\t\n<p>* Elaborar presupuestos, llevar a cabo la prestaci\u00f3n de los servicios contratado, gesti\u00f3n y facturaci\u00f3n.<\/p>\n<p>* Entrar en procesos de selecci\u00f3n y contrataci\u00f3n.<\/p>\n<p>* Env\u00edo de informaci\u00f3n sobre la materia solicitada,<\/p>\n<p>* Mantenerle informado sobre la actividad de la empresa y sus servicios.<\/p>\n<p>De igual modo el usuario presta su consentimiento para que Aslam New IT S.L. ceda sus datos a sus empresas filiales y clientes al objeto de poder gestionar correctamente las actividades o consultas que el usuario haya solicitado.<\/p>\n<p>\u00a0<\/p>\n<p>Los interesados tienen reconocidos sus derechos a acceso, rectificaci\u00f3n, supresi\u00f3n, limitaci\u00f3n, oposici\u00f3n y portabilidad de sus datos. De igual modo, est\u00e1 amparado por el derecho a retirar su consentimiento para el tratamiento por Aslam. Asimismo, le asiste el derecho a reclamar ante la autoridad de control.<\/p>\n<p>En cualquier momento el interesado podr\u00e1 ejercitar sus derechos mediante la remisi\u00f3n de una comunicaci\u00f3n, adjuntando un documento que acredite su identidad e indicando expresamente el derecho que desea ejercitar, a ASLAM en el domicilio m\u00e1s arriba indicado o enviando un correo electr\u00f3nico a la direcci\u00f3n <a href=\"mailto:info@aslambusiness.live-website.com\">info@aslambusiness.live-website.com<\/a> .<\/p>\n<p>Aslam ha adoptado las medidas t\u00e9cnicas y organizativas necesarias para garantizar la seguridad e integridad de los datos, as\u00ed como para evitar su alteraci\u00f3n, perdida, tratamiento o acceso no autorizado.<\/p>\n<p>Los datos tratados por Aslam son los estrictamente necesarios para atender a su solicitud, los cuales el interesado comunica voluntariamente, en el caso de los formularios de la Web o pueden ser recogidos con otra base jur\u00eddica, previamente informada al interesado (por ejemplo, videovigilancia).<\/p>\n<p>La negativa a proporcionar los datos calificados como obligatorios supondr\u00e1 la no prestaci\u00f3n o la imposibilidad de acceder al servicio para los que eran solicitados. As\u00ed mismo, podr\u00e1n facilitarse datos de modo voluntario con el objetivo de que puedan prestarse de modo \u00f3ptimo los servicios. Igualmente, en aquellos supuestos en los que se facilite datos de terceros, el interesado se compromete a informarles del contenido de la presente pol\u00edtica de privacidad.<\/p>\n<p>El interesado se compromete a comunicar a la mayor brevedad posible a Aslam cualquier modificaci\u00f3n y rectificaci\u00f3n de sus datos de car\u00e1cter personal a los efectos de que la informaci\u00f3n contenida en los Registros de Actividad de ASLAM est\u00e9n en todo momento actualizada.<\/p>\n\t\t\t\t\t\t\t\t<\/div>\n\t\t\t\t<\/div>\n\t\t\t\t\t<\/div>\n\t\t<\/div>\n\t\t\t\t\t<\/div>\n\t\t<\/section>\n\t\t\t\t<\/div>\n\t\t","protected":false},"excerpt":{"rendered":"<p>En cumplimiento de lo establecido en el Reglamento (UE) 2016\/ 679 del Parlamento Europeo y del Consejo, de 27 de abril de 2016 (en adelante RGPD) le informamos que los datos personales comunicados ser\u00e1n incorporados a una base de datos titularidad de Aslam New IT S.L (en adelante ASLAM) con CIF: B86727161, direcci\u00f3n postal: Juli\u00e1n [&hellip;]<\/p>\n","protected":false},"author":1,"featured_media":0,"parent":0,"menu_order":0,"comment_status":"closed","ping_status":"open","template":"","meta":{"footnotes":""},"class_list":["post-3","page","type-page","status-publish","hentry"],"yoast_head":"<!-- This site is optimized with the Yoast SEO plugin v27.4 - https:\/\/yoast.com\/product\/yoast-seo-wordpress\/ -->\n<title>Pol\u00edtica de privacidad -<\/title>\n<meta name=\"robots\" content=\"index, follow, max-snippet:-1, max-image-preview:large, max-video-preview:-1\" \/>\n<link rel=\"canonical\" href=\"https:\/\/aslambusinesscorp.es\/index.php\/politica-privacidad\/\" \/>\n<meta property=\"og:locale\" content=\"es_ES\" \/>\n<meta property=\"og:type\" content=\"article\" \/>\n<meta property=\"og:title\" content=\"Pol\u00edtica de privacidad -\" \/>\n<meta property=\"og:description\" content=\"En cumplimiento de lo establecido en el Reglamento (UE) 2016\/ 679 del Parlamento Europeo y del Consejo, de 27 de abril de 2016 (en adelante RGPD) le informamos que los datos personales comunicados ser\u00e1n incorporados a una base de datos titularidad de Aslam New IT S.L (en adelante ASLAM) con CIF: B86727161, direcci\u00f3n postal: Juli\u00e1n [&hellip;]\" \/>\n<meta property=\"og:url\" content=\"https:\/\/aslambusinesscorp.es\/index.php\/politica-privacidad\/\" \/>\n<meta property=\"article:publisher\" content=\"https:\/\/es-es.facebook.com\/ASLAMNEWIT\/\" \/>\n<meta property=\"article:modified_time\" content=\"2023-01-03T12:35:16+00:00\" \/>\n<meta name=\"twitter:card\" content=\"summary_large_image\" \/>\n<meta name=\"twitter:site\" content=\"@aslamnewit\" \/>\n<meta name=\"twitter:label1\" content=\"Tiempo de lectura\" \/>\n\t<meta name=\"twitter:data1\" content=\"4 minutos\" \/>\n<script type=\"application\/ld+json\" class=\"yoast-schema-graph\">{\"@context\":\"https:\\\/\\\/schema.org\",\"@graph\":[{\"@type\":\"WebPage\",\"@id\":\"https:\\\/\\\/aslambusinesscorp.es\\\/index.php\\\/politica-privacidad\\\/\",\"url\":\"https:\\\/\\\/aslambusinesscorp.es\\\/index.php\\\/politica-privacidad\\\/\",\"name\":\"Pol\u00edtica de privacidad -\",\"isPartOf\":{\"@id\":\"https:\\\/\\\/aslambusinesscorp.es\\\/#website\"},\"datePublished\":\"2022-11-28T12:27:41+00:00\",\"dateModified\":\"2023-01-03T12:35:16+00:00\",\"inLanguage\":\"es\",\"potentialAction\":[{\"@type\":\"ReadAction\",\"target\":[\"https:\\\/\\\/aslambusinesscorp.es\\\/index.php\\\/politica-privacidad\\\/\"]}]},{\"@type\":\"WebSite\",\"@id\":\"https:\\\/\\\/aslambusinesscorp.es\\\/#website\",\"url\":\"https:\\\/\\\/aslambusinesscorp.es\\\/\",\"name\":\"\",\"description\":\"\",\"potentialAction\":[{\"@type\":\"SearchAction\",\"target\":{\"@type\":\"EntryPoint\",\"urlTemplate\":\"https:\\\/\\\/aslambusinesscorp.es\\\/?s={search_term_string}\"},\"query-input\":{\"@type\":\"PropertyValueSpecification\",\"valueRequired\":true,\"valueName\":\"search_term_string\"}}],\"inLanguage\":\"es\"}]}<\/script>\n<!-- \/ Yoast SEO plugin. -->","yoast_head_json":{"title":"Pol\u00edtica de privacidad -","robots":{"index":"index","follow":"follow","max-snippet":"max-snippet:-1","max-image-preview":"max-image-preview:large","max-video-preview":"max-video-preview:-1"},"canonical":"https:\/\/aslambusinesscorp.es\/index.php\/politica-privacidad\/","og_locale":"es_ES","og_type":"article","og_title":"Pol\u00edtica de privacidad -","og_description":"En cumplimiento de lo establecido en el Reglamento (UE) 2016\/ 679 del Parlamento Europeo y del Consejo, de 27 de abril de 2016 (en adelante RGPD) le informamos que los datos personales comunicados ser\u00e1n incorporados a una base de datos titularidad de Aslam New IT S.L (en adelante ASLAM) con CIF: B86727161, direcci\u00f3n postal: Juli\u00e1n [&hellip;]","og_url":"https:\/\/aslambusinesscorp.es\/index.php\/politica-privacidad\/","article_publisher":"https:\/\/es-es.facebook.com\/ASLAMNEWIT\/","article_modified_time":"2023-01-03T12:35:16+00:00","twitter_card":"summary_large_image","twitter_site":"@aslamnewit","twitter_misc":{"Tiempo de lectura":"4 minutos"},"schema":{"@context":"https:\/\/schema.org","@graph":[{"@type":"WebPage","@id":"https:\/\/aslambusinesscorp.es\/index.php\/politica-privacidad\/","url":"https:\/\/aslambusinesscorp.es\/index.php\/politica-privacidad\/","name":"Pol\u00edtica de privacidad -","isPartOf":{"@id":"https:\/\/aslambusinesscorp.es\/#website"},"datePublished":"2022-11-28T12:27:41+00:00","dateModified":"2023-01-03T12:35:16+00:00","inLanguage":"es","potentialAction":[{"@type":"ReadAction","target":["https:\/\/aslambusinesscorp.es\/index.php\/politica-privacidad\/"]}]},{"@type":"WebSite","@id":"https:\/\/aslambusinesscorp.es\/#website","url":"https:\/\/aslambusinesscorp.es\/","name":"","description":"","potentialAction":[{"@type":"SearchAction","target":{"@type":"EntryPoint","urlTemplate":"https:\/\/aslambusinesscorp.es\/?s={search_term_string}"},"query-input":{"@type":"PropertyValueSpecification","valueRequired":true,"valueName":"search_term_string"}}],"inLanguage":"es"}]}},"_links":{"self":[{"href":"https:\/\/aslambusinesscorp.es\/index.php\/wp-json\/wp\/v2\/pages\/3","targetHints":{"allow":["GET"]}}],"collection":[{"href":"https:\/\/aslambusinesscorp.es\/index.php\/wp-json\/wp\/v2\/pages"}],"about":[{"href":"https:\/\/aslambusinesscorp.es\/index.php\/wp-json\/wp\/v2\/types\/page"}],"author":[{"embeddable":true,"href":"https:\/\/aslambusinesscorp.es\/index.php\/wp-json\/wp\/v2\/users\/1"}],"replies":[{"embeddable":true,"href":"https:\/\/aslambusinesscorp.es\/index.php\/wp-json\/wp\/v2\/comments?post=3"}],"version-history":[{"count":9,"href":"https:\/\/aslambusinesscorp.es\/index.php\/wp-json\/wp\/v2\/pages\/3\/revisions"}],"predecessor-version":[{"id":1417,"href":"https:\/\/aslambusinesscorp.es\/index.php\/wp-json\/wp\/v2\/pages\/3\/revisions\/1417"}],"wp:attachment":[{"href":"https:\/\/aslambusinesscorp.es\/index.php\/wp-json\/wp\/v2\/media?parent=3"}],"curies":[{"name":"wp","href":"https:\/\/api.w.org\/{rel}","templated":true}]}}