{"id":2613,"date":"2023-11-30T16:54:25","date_gmt":"2023-11-30T16:54:25","guid":{"rendered":"https:\/\/aslambusiness.live-website.com\/?page_id=2613"},"modified":"2023-11-30T17:26:16","modified_gmt":"2023-11-30T17:26:16","slug":"w-smarthealth","status":"publish","type":"page","link":"https:\/\/aslambusinesscorp.es\/index.php\/w-smarthealth\/","title":{"rendered":"w-smarthealth"},"content":{"rendered":"\t\t<div data-elementor-type=\"wp-page\" data-elementor-id=\"2613\" class=\"elementor elementor-2613\" data-elementor-post-type=\"page\">\n\t\t\t\t\t\t<section class=\"elementor-section elementor-top-section elementor-element elementor-element-54e2385 elementor-section-boxed elementor-section-height-default elementor-section-height-default\" data-id=\"54e2385\" data-element_type=\"section\" data-e-type=\"section\">\n\t\t\t\t\t\t<div class=\"elementor-container elementor-column-gap-default\">\n\t\t\t\t\t<div class=\"elementor-column elementor-col-100 elementor-top-column elementor-element elementor-element-8e2f895\" data-id=\"8e2f895\" data-element_type=\"column\" data-e-type=\"column\">\n\t\t\t<div class=\"elementor-widget-wrap elementor-element-populated\">\n\t\t\t\t\t\t<div class=\"elementor-element elementor-element-db3f323 elementor-widget__width-initial elementor-widget elementor-widget-image\" data-id=\"db3f323\" data-element_type=\"widget\" data-e-type=\"widget\" data-widget_type=\"image.default\">\n\t\t\t\t<div class=\"elementor-widget-container\">\n\t\t\t\t\t\t\t\t\t\t\t\t\t\t\t<img fetchpriority=\"high\" decoding=\"async\" width=\"300\" height=\"264\" src=\"https:\/\/aslambusinesscorp.es\/wp-content\/uploads\/2023\/09\/W-SmartHealth-300x264.png\" class=\"attachment-medium size-medium wp-image-2540\" alt=\"\" srcset=\"https:\/\/aslambusinesscorp.es\/wp-content\/uploads\/2023\/09\/W-SmartHealth-300x264.png 300w, https:\/\/aslambusinesscorp.es\/wp-content\/uploads\/2023\/09\/W-SmartHealth.png 630w\" sizes=\"(max-width: 300px) 100vw, 300px\" \/>\t\t\t\t\t\t\t\t\t\t\t\t\t\t\t<\/div>\n\t\t\t\t<\/div>\n\t\t\t\t<div class=\"elementor-element elementor-element-5699c98 elementor-widget elementor-widget-heading\" data-id=\"5699c98\" data-element_type=\"widget\" data-e-type=\"widget\" data-widget_type=\"heading.default\">\n\t\t\t\t<div class=\"elementor-widget-container\">\n\t\t\t\t\t<h2 class=\"elementor-heading-title elementor-size-default\">El complemento que potenciara nuestra salud<\/h2>\t\t\t\t<\/div>\n\t\t\t\t<\/div>\n\t\t\t\t<div class=\"elementor-element elementor-element-ab1e101 elementor-widget-divider--view-line elementor-widget elementor-widget-divider\" data-id=\"ab1e101\" data-element_type=\"widget\" data-e-type=\"widget\" data-widget_type=\"divider.default\">\n\t\t\t\t<div class=\"elementor-widget-container\">\n\t\t\t\t\t\t\t<div class=\"elementor-divider\">\n\t\t\t<span class=\"elementor-divider-separator\">\n\t\t\t\t\t\t<\/span>\n\t\t<\/div>\n\t\t\t\t\t\t<\/div>\n\t\t\t\t<\/div>\n\t\t\t\t\t<\/div>\n\t\t<\/div>\n\t\t\t\t\t<\/div>\n\t\t<\/section>\n\t\t\t\t<section class=\"elementor-section elementor-top-section elementor-element elementor-element-fc11d2d elementor-section-boxed elementor-section-height-default elementor-section-height-default\" data-id=\"fc11d2d\" data-element_type=\"section\" data-e-type=\"section\">\n\t\t\t\t\t\t<div class=\"elementor-container elementor-column-gap-default\">\n\t\t\t\t\t<div class=\"elementor-column elementor-col-100 elementor-top-column elementor-element elementor-element-a8da34f\" data-id=\"a8da34f\" data-element_type=\"column\" data-e-type=\"column\">\n\t\t\t<div class=\"elementor-widget-wrap elementor-element-populated\">\n\t\t\t\t\t\t<section class=\"elementor-section elementor-inner-section elementor-element elementor-element-4ebd4d7 elementor-section-boxed elementor-section-height-default elementor-section-height-default\" data-id=\"4ebd4d7\" data-element_type=\"section\" data-e-type=\"section\">\n\t\t\t\t\t\t<div class=\"elementor-container elementor-column-gap-default\">\n\t\t\t\t\t<div class=\"elementor-column elementor-col-50 elementor-inner-column elementor-element elementor-element-e1c45d5\" data-id=\"e1c45d5\" data-element_type=\"column\" data-e-type=\"column\">\n\t\t\t<div class=\"elementor-widget-wrap elementor-element-populated\">\n\t\t\t\t\t\t<div class=\"elementor-element elementor-element-e8efe80 elementor-widget elementor-widget-image\" data-id=\"e8efe80\" data-element_type=\"widget\" data-e-type=\"widget\" data-widget_type=\"image.default\">\n\t\t\t\t<div class=\"elementor-widget-container\">\n\t\t\t\t\t\t\t\t\t\t\t\t\t\t\t<img decoding=\"async\" width=\"500\" height=\"153\" src=\"https:\/\/aslambusinesscorp.es\/wp-content\/uploads\/2023\/11\/europa.png\" class=\"attachment-large size-large wp-image-2616\" alt=\"\" srcset=\"https:\/\/aslambusinesscorp.es\/wp-content\/uploads\/2023\/11\/europa.png 500w, https:\/\/aslambusinesscorp.es\/wp-content\/uploads\/2023\/11\/europa-300x92.png 300w\" sizes=\"(max-width: 500px) 100vw, 500px\" \/>\t\t\t\t\t\t\t\t\t\t\t\t\t\t\t<\/div>\n\t\t\t\t<\/div>\n\t\t\t\t\t<\/div>\n\t\t<\/div>\n\t\t\t\t<div class=\"elementor-column elementor-col-50 elementor-inner-column elementor-element elementor-element-6efa550\" data-id=\"6efa550\" data-element_type=\"column\" data-e-type=\"column\">\n\t\t\t<div class=\"elementor-widget-wrap elementor-element-populated\">\n\t\t\t\t\t\t<div class=\"elementor-element elementor-element-df6d7b5 elementor-widget elementor-widget-text-editor\" data-id=\"df6d7b5\" data-element_type=\"widget\" data-e-type=\"widget\" data-widget_type=\"text-editor.default\">\n\t\t\t\t<div class=\"elementor-widget-container\">\n\t\t\t\t\t\t\t\t\t<p><span style=\"font-size: 11.0pt; font-family: 'Cambria',serif; mso-fareast-font-family: Calibri; mso-fareast-theme-font: minor-latin; mso-bidi-font-family: Calibri; mso-ansi-language: ES; mso-fareast-language: ES; mso-bidi-language: AR-SA;\">El proyecto de Inteligencia Artificial para monitorizaci\u00f3n de pacientes a partir de indicadores biom\u00e9tricos obtenidos de dispositivos wereables (IoT) result\u00f3 beneficiario de la convocatoria de ayudas 2021 destinadas a proyectos de investigaci\u00f3n y desarrollo en inteligencia artificial y otras tecnolog\u00edas digitales y su integraci\u00f3n en las cadenas de valor C005\/21-ED<\/span>&nbsp;<span style=\"font-size: 11.0pt; font-family: 'Cambria',serif; mso-fareast-font-family: Calibri; mso-fareast-theme-font: minor-latin; mso-bidi-font-family: Calibri; mso-ansi-language: ES; mso-fareast-language: ES; mso-bidi-language: AR-SA;\">que propon\u00eda<\/span><span style=\"font-size: 11.0pt; font-family: 'Calibri',sans-serif; mso-fareast-font-family: Calibri; mso-fareast-theme-font: minor-latin; mso-ansi-language: ES; mso-fareast-language: ES; mso-bidi-language: AR-SA;\">&nbsp;<\/span><span style=\"color: var( --e-global-color-text ); font-weight: var( --e-global-typography-text-font-weight ); font-size: 11pt; font-family: Calibri, sans-serif;\">el<\/span><span style=\"color: var( --e-global-color-text ); font-weight: var( --e-global-typography-text-font-weight ); font-size: 11pt; font-family: Calibri, sans-serif;\">&nbsp;<\/span><span style=\"color: var( --e-global-color-text ); font-weight: var( --e-global-typography-text-font-weight ); font-size: 11pt; font-family: Cambria, serif;\">desarrollo&nbsp;<\/span><span style=\"color: var( --e-global-color-text ); font-weight: var( --e-global-typography-text-font-weight ); font-size: 11pt; font-family: Cambria, serif;\">experimental de una tecnolog\u00eda software que permita recopilar todos estos datos biom\u00e9tricos del paciente, as\u00ed como el desarrollo de una capa de IA que permita&nbsp;correlacionar variables para su anal\u00edtica inteligente y, a partir de algoritmos de Deep Learning, generar modelos predictivos que mejoren tanto la atenci\u00f3n al&nbsp;paciente&nbsp;<\/span><span style=\"color: var( --e-global-color-text ); font-weight: var( --e-global-typography-text-font-weight ); font-size: 1rem; font-family: Cambria, serif; text-align: justify;\">como su seguimiento, diagn\u00f3stico y tratamiento.<\/span><\/p>\n<p style=\"text-align: justify;\">\n<\/p>\t\t\t\t\t\t\t\t<\/div>\n\t\t\t\t<\/div>\n\t\t\t\t\t<\/div>\n\t\t<\/div>\n\t\t\t\t\t<\/div>\n\t\t<\/section>\n\t\t\t\t<section class=\"elementor-section elementor-inner-section elementor-element elementor-element-dc3083d elementor-section-boxed elementor-section-height-default elementor-section-height-default\" data-id=\"dc3083d\" data-element_type=\"section\" data-e-type=\"section\">\n\t\t\t\t\t\t<div class=\"elementor-container elementor-column-gap-default\">\n\t\t\t\t\t<div class=\"elementor-column elementor-col-50 elementor-inner-column elementor-element elementor-element-f8c2c71\" data-id=\"f8c2c71\" data-element_type=\"column\" data-e-type=\"column\">\n\t\t\t<div class=\"elementor-widget-wrap elementor-element-populated\">\n\t\t\t\t\t\t<div class=\"elementor-element elementor-element-7b53658 elementor-widget elementor-widget-text-editor\" data-id=\"7b53658\" data-element_type=\"widget\" data-e-type=\"widget\" data-widget_type=\"text-editor.default\">\n\t\t\t\t<div class=\"elementor-widget-container\">\n\t\t\t\t\t\t\t\t\t<p><span style=\"font-size: 11pt; font-family: Cambria, serif;\">\u00a0<\/span><\/p><p><span style=\"font-size: 11pt; font-family: Cambria, serif;\">Como resultado del proyecto<\/span>\u00a0<span style=\"font-size: 11pt; font-family: Cambria, serif;\">se han desarrollado m\u00faltiples funcionalidades, incluyendo<\/span>\u00a0<span style=\"font-size: 11pt; font-family: Cambria, serif;\">el desarrollo de tecnolog\u00eda de recogida y\u00a0procesamiento de datos de los diferentes wereables, el desarrollo de la capa de\u00a0encriptado de los datos recogidos y de privacidad y autenticaci\u00f3n segura, el desarrollo de la capa de\u00a0<\/span><span style=\"color: var( --e-global-color-text ); font-weight: var( --e-global-typography-text-font-weight ); font-family: Cambria, serif; font-size: 11pt;\">monitorizaci\u00f3n y seguimiento de datos del paciente, el desarrollo de la capa de anal\u00edtica de datos (Big Data) mediante IA, correlaci\u00f3n de variables y detecci\u00f3n de anomal\u00edas y Generaci\u00f3n de modelos predictivos. Esto nos permitir\u00e1 proporcionar a los equipos m\u00e9dicos y de vigilancia de la salud de herramientas de alta potencia, que permitan aumentar y mejorar la calidad de vida de pacientes y publico en general<\/span><\/p>\t\t\t\t\t\t\t\t<\/div>\n\t\t\t\t<\/div>\n\t\t\t\t\t<\/div>\n\t\t<\/div>\n\t\t\t\t<div class=\"elementor-column elementor-col-50 elementor-inner-column elementor-element elementor-element-169648f\" data-id=\"169648f\" data-element_type=\"column\" data-e-type=\"column\">\n\t\t\t<div class=\"elementor-widget-wrap elementor-element-populated\">\n\t\t\t\t\t\t<div class=\"elementor-element elementor-element-7010ac2 elementor-widget elementor-widget-image\" data-id=\"7010ac2\" data-element_type=\"widget\" data-e-type=\"widget\" data-widget_type=\"image.default\">\n\t\t\t\t<div class=\"elementor-widget-container\">\n\t\t\t\t\t\t\t\t\t\t\t\t\t\t\t<img decoding=\"async\" width=\"800\" height=\"92\" src=\"https:\/\/aslambusinesscorp.es\/wp-content\/uploads\/2023\/11\/red.es_.png\" class=\"attachment-large size-large wp-image-2617\" alt=\"\" srcset=\"https:\/\/aslambusinesscorp.es\/wp-content\/uploads\/2023\/11\/red.es_.png 960w, https:\/\/aslambusinesscorp.es\/wp-content\/uploads\/2023\/11\/red.es_-300x34.png 300w, https:\/\/aslambusinesscorp.es\/wp-content\/uploads\/2023\/11\/red.es_-768x88.png 768w\" sizes=\"(max-width: 800px) 100vw, 800px\" \/>\t\t\t\t\t\t\t\t\t\t\t\t\t\t\t<\/div>\n\t\t\t\t<\/div>\n\t\t\t\t\t<\/div>\n\t\t<\/div>\n\t\t\t\t\t<\/div>\n\t\t<\/section>\n\t\t\t\t\t<\/div>\n\t\t<\/div>\n\t\t\t\t\t<\/div>\n\t\t<\/section>\n\t\t\t\t<\/div>\n\t\t","protected":false},"excerpt":{"rendered":"<p>El complemento que potenciara nuestra salud El proyecto de Inteligencia Artificial para monitorizaci\u00f3n de pacientes a partir de indicadores biom\u00e9tricos obtenidos de dispositivos wereables (IoT) result\u00f3 beneficiario de la convocatoria de ayudas 2021 destinadas a proyectos de investigaci\u00f3n y desarrollo en inteligencia artificial y otras tecnolog\u00edas digitales y su integraci\u00f3n en las cadenas de valor [&hellip;]<\/p>\n","protected":false},"author":3,"featured_media":2540,"parent":0,"menu_order":0,"comment_status":"closed","ping_status":"closed","template":"","meta":{"footnotes":""},"class_list":["post-2613","page","type-page","status-publish","has-post-thumbnail","hentry"],"yoast_head":"<!-- This site is optimized with the Yoast SEO plugin v27.4 - https:\/\/yoast.com\/product\/yoast-seo-wordpress\/ -->\n<title>w-smarthealth -<\/title>\n<meta name=\"robots\" content=\"index, follow, max-snippet:-1, max-image-preview:large, max-video-preview:-1\" \/>\n<link rel=\"canonical\" href=\"https:\/\/aslambusinesscorp.es\/index.php\/w-smarthealth\/\" \/>\n<meta property=\"og:locale\" content=\"es_ES\" \/>\n<meta property=\"og:type\" content=\"article\" \/>\n<meta property=\"og:title\" content=\"w-smarthealth -\" \/>\n<meta property=\"og:description\" content=\"El complemento que potenciara nuestra salud El proyecto de Inteligencia Artificial para monitorizaci\u00f3n de pacientes a partir de indicadores biom\u00e9tricos obtenidos de dispositivos wereables (IoT) result\u00f3 beneficiario de la convocatoria de ayudas 2021 destinadas a proyectos de investigaci\u00f3n y desarrollo en inteligencia artificial y otras tecnolog\u00edas digitales y su integraci\u00f3n en las cadenas de valor [&hellip;]\" \/>\n<meta property=\"og:url\" content=\"https:\/\/aslambusinesscorp.es\/index.php\/w-smarthealth\/\" \/>\n<meta property=\"article:publisher\" content=\"https:\/\/es-es.facebook.com\/ASLAMNEWIT\/\" \/>\n<meta property=\"article:modified_time\" content=\"2023-11-30T17:26:16+00:00\" \/>\n<meta property=\"og:image\" content=\"https:\/\/aslambusinesscorp.es\/wp-content\/uploads\/2023\/09\/W-SmartHealth.png\" \/>\n\t<meta property=\"og:image:width\" content=\"630\" \/>\n\t<meta property=\"og:image:height\" content=\"554\" \/>\n\t<meta property=\"og:image:type\" content=\"image\/png\" \/>\n<meta name=\"twitter:card\" content=\"summary_large_image\" \/>\n<meta name=\"twitter:site\" content=\"@aslamnewit\" \/>\n<meta name=\"twitter:label1\" content=\"Tiempo de lectura\" \/>\n\t<meta name=\"twitter:data1\" content=\"2 minutos\" \/>\n<script type=\"application\/ld+json\" class=\"yoast-schema-graph\">{\"@context\":\"https:\\\/\\\/schema.org\",\"@graph\":[{\"@type\":\"WebPage\",\"@id\":\"https:\\\/\\\/aslambusinesscorp.es\\\/index.php\\\/w-smarthealth\\\/\",\"url\":\"https:\\\/\\\/aslambusinesscorp.es\\\/index.php\\\/w-smarthealth\\\/\",\"name\":\"w-smarthealth -\",\"isPartOf\":{\"@id\":\"https:\\\/\\\/aslambusinesscorp.es\\\/#website\"},\"primaryImageOfPage\":{\"@id\":\"https:\\\/\\\/aslambusinesscorp.es\\\/index.php\\\/w-smarthealth\\\/#primaryimage\"},\"image\":{\"@id\":\"https:\\\/\\\/aslambusinesscorp.es\\\/index.php\\\/w-smarthealth\\\/#primaryimage\"},\"thumbnailUrl\":\"https:\\\/\\\/aslambusinesscorp.es\\\/wp-content\\\/uploads\\\/2023\\\/09\\\/W-SmartHealth.png\",\"datePublished\":\"2023-11-30T16:54:25+00:00\",\"dateModified\":\"2023-11-30T17:26:16+00:00\",\"inLanguage\":\"es\",\"potentialAction\":[{\"@type\":\"ReadAction\",\"target\":[\"https:\\\/\\\/aslambusinesscorp.es\\\/index.php\\\/w-smarthealth\\\/\"]}]},{\"@type\":\"ImageObject\",\"inLanguage\":\"es\",\"@id\":\"https:\\\/\\\/aslambusinesscorp.es\\\/index.php\\\/w-smarthealth\\\/#primaryimage\",\"url\":\"https:\\\/\\\/aslambusinesscorp.es\\\/wp-content\\\/uploads\\\/2023\\\/09\\\/W-SmartHealth.png\",\"contentUrl\":\"https:\\\/\\\/aslambusinesscorp.es\\\/wp-content\\\/uploads\\\/2023\\\/09\\\/W-SmartHealth.png\",\"width\":630,\"height\":554},{\"@type\":\"WebSite\",\"@id\":\"https:\\\/\\\/aslambusinesscorp.es\\\/#website\",\"url\":\"https:\\\/\\\/aslambusinesscorp.es\\\/\",\"name\":\"\",\"description\":\"\",\"potentialAction\":[{\"@type\":\"SearchAction\",\"target\":{\"@type\":\"EntryPoint\",\"urlTemplate\":\"https:\\\/\\\/aslambusinesscorp.es\\\/?s={search_term_string}\"},\"query-input\":{\"@type\":\"PropertyValueSpecification\",\"valueRequired\":true,\"valueName\":\"search_term_string\"}}],\"inLanguage\":\"es\"}]}<\/script>\n<!-- \/ Yoast SEO plugin. -->","yoast_head_json":{"title":"w-smarthealth -","robots":{"index":"index","follow":"follow","max-snippet":"max-snippet:-1","max-image-preview":"max-image-preview:large","max-video-preview":"max-video-preview:-1"},"canonical":"https:\/\/aslambusinesscorp.es\/index.php\/w-smarthealth\/","og_locale":"es_ES","og_type":"article","og_title":"w-smarthealth -","og_description":"El complemento que potenciara nuestra salud El proyecto de Inteligencia Artificial para monitorizaci\u00f3n de pacientes a partir de indicadores biom\u00e9tricos obtenidos de dispositivos wereables (IoT) result\u00f3 beneficiario de la convocatoria de ayudas 2021 destinadas a proyectos de investigaci\u00f3n y desarrollo en inteligencia artificial y otras tecnolog\u00edas digitales y su integraci\u00f3n en las cadenas de valor [&hellip;]","og_url":"https:\/\/aslambusinesscorp.es\/index.php\/w-smarthealth\/","article_publisher":"https:\/\/es-es.facebook.com\/ASLAMNEWIT\/","article_modified_time":"2023-11-30T17:26:16+00:00","og_image":[{"width":630,"height":554,"url":"https:\/\/aslambusinesscorp.es\/wp-content\/uploads\/2023\/09\/W-SmartHealth.png","type":"image\/png"}],"twitter_card":"summary_large_image","twitter_site":"@aslamnewit","twitter_misc":{"Tiempo de lectura":"2 minutos"},"schema":{"@context":"https:\/\/schema.org","@graph":[{"@type":"WebPage","@id":"https:\/\/aslambusinesscorp.es\/index.php\/w-smarthealth\/","url":"https:\/\/aslambusinesscorp.es\/index.php\/w-smarthealth\/","name":"w-smarthealth -","isPartOf":{"@id":"https:\/\/aslambusinesscorp.es\/#website"},"primaryImageOfPage":{"@id":"https:\/\/aslambusinesscorp.es\/index.php\/w-smarthealth\/#primaryimage"},"image":{"@id":"https:\/\/aslambusinesscorp.es\/index.php\/w-smarthealth\/#primaryimage"},"thumbnailUrl":"https:\/\/aslambusinesscorp.es\/wp-content\/uploads\/2023\/09\/W-SmartHealth.png","datePublished":"2023-11-30T16:54:25+00:00","dateModified":"2023-11-30T17:26:16+00:00","inLanguage":"es","potentialAction":[{"@type":"ReadAction","target":["https:\/\/aslambusinesscorp.es\/index.php\/w-smarthealth\/"]}]},{"@type":"ImageObject","inLanguage":"es","@id":"https:\/\/aslambusinesscorp.es\/index.php\/w-smarthealth\/#primaryimage","url":"https:\/\/aslambusinesscorp.es\/wp-content\/uploads\/2023\/09\/W-SmartHealth.png","contentUrl":"https:\/\/aslambusinesscorp.es\/wp-content\/uploads\/2023\/09\/W-SmartHealth.png","width":630,"height":554},{"@type":"WebSite","@id":"https:\/\/aslambusinesscorp.es\/#website","url":"https:\/\/aslambusinesscorp.es\/","name":"","description":"","potentialAction":[{"@type":"SearchAction","target":{"@type":"EntryPoint","urlTemplate":"https:\/\/aslambusinesscorp.es\/?s={search_term_string}"},"query-input":{"@type":"PropertyValueSpecification","valueRequired":true,"valueName":"search_term_string"}}],"inLanguage":"es"}]}},"_links":{"self":[{"href":"https:\/\/aslambusinesscorp.es\/index.php\/wp-json\/wp\/v2\/pages\/2613","targetHints":{"allow":["GET"]}}],"collection":[{"href":"https:\/\/aslambusinesscorp.es\/index.php\/wp-json\/wp\/v2\/pages"}],"about":[{"href":"https:\/\/aslambusinesscorp.es\/index.php\/wp-json\/wp\/v2\/types\/page"}],"author":[{"embeddable":true,"href":"https:\/\/aslambusinesscorp.es\/index.php\/wp-json\/wp\/v2\/users\/3"}],"replies":[{"embeddable":true,"href":"https:\/\/aslambusinesscorp.es\/index.php\/wp-json\/wp\/v2\/comments?post=2613"}],"version-history":[{"count":17,"href":"https:\/\/aslambusinesscorp.es\/index.php\/wp-json\/wp\/v2\/pages\/2613\/revisions"}],"predecessor-version":[{"id":2634,"href":"https:\/\/aslambusinesscorp.es\/index.php\/wp-json\/wp\/v2\/pages\/2613\/revisions\/2634"}],"wp:featuredmedia":[{"embeddable":true,"href":"https:\/\/aslambusinesscorp.es\/index.php\/wp-json\/wp\/v2\/media\/2540"}],"wp:attachment":[{"href":"https:\/\/aslambusinesscorp.es\/index.php\/wp-json\/wp\/v2\/media?parent=2613"}],"curies":[{"name":"wp","href":"https:\/\/api.w.org\/{rel}","templated":true}]}}