{"id":1418,"date":"2023-01-03T12:36:34","date_gmt":"2023-01-03T12:36:34","guid":{"rendered":"https:\/\/aslambusiness.live-website.com\/?page_id=1418"},"modified":"2023-01-03T12:43:34","modified_gmt":"2023-01-03T12:43:34","slug":"politica-de-cookies","status":"publish","type":"page","link":"https:\/\/aslambusinesscorp.es\/index.php\/politica-de-cookies\/","title":{"rendered":"Pol\u00edtica de Cookies"},"content":{"rendered":"\t\t<div data-elementor-type=\"wp-page\" data-elementor-id=\"1418\" class=\"elementor elementor-1418\" data-elementor-post-type=\"page\">\n\t\t\t\t\t\t<section class=\"elementor-section elementor-top-section elementor-element elementor-element-5e92f18 elementor-section-boxed elementor-section-height-default elementor-section-height-default\" data-id=\"5e92f18\" data-element_type=\"section\" data-e-type=\"section\">\n\t\t\t\t\t\t<div class=\"elementor-container elementor-column-gap-default\">\n\t\t\t\t\t<div class=\"elementor-column elementor-col-100 elementor-top-column elementor-element elementor-element-b6074fc\" data-id=\"b6074fc\" data-element_type=\"column\" data-e-type=\"column\">\n\t\t\t<div class=\"elementor-widget-wrap elementor-element-populated\">\n\t\t\t\t\t\t<div class=\"elementor-element elementor-element-324d826 elementor-widget elementor-widget-text-editor\" data-id=\"324d826\" data-element_type=\"widget\" data-e-type=\"widget\" data-widget_type=\"text-editor.default\">\n\t\t\t\t<div class=\"elementor-widget-container\">\n\t\t\t\t\t\t\t\t\t<p>Antes de que empieces a navegar por la Web nos gustar\u00eda informarte que utilizamos cookies con diferentes finalidades en la Web <a href=\"http:\/\/aslambusiness.live-website.com\">aslambusiness.live-website.com<\/a> , de tal forma que puedas decidir si quieres que las mismas se instalen en tu equipo o no.<\/p><p>Con car\u00e1cter previo al tratamiento de los datos personales, el interesado puede modular el consentimiento sobre el tratamiento de sus datos personales con respecto a aquellas cookies que acepte.<\/p><p>Esta modulaci\u00f3n, se lleva a cabo a trav\u00e9s de un banner que aparece en el momento en el que interesado accede a la p\u00e1gina de Aslam. Las cookies que se le muestran son las siguientes:<\/p><p>\u00a0\u2013 Las cookies necesarias, las cuales son necesarias para proporcionar funcionalidades b\u00e1sicas mientras se navega por el sitio web de Aslam. Las mismas aparecen seleccionadas.<\/p><p>\u2013 Las cookies anal\u00edticas, son aqu\u00e9llas que permiten el seguimiento y an\u00e1lisis del comportamiento de los usuarios de los sitios Web a los que est\u00e1n vinculadas. La informaci\u00f3n recogida mediante este tipo de cookies se utiliza en la medici\u00f3n de la actividad de los sitios Web, aplicaci\u00f3n o plataforma y para la elaboraci\u00f3n de perfiles de navegaci\u00f3n de los usuarios.<\/p><p>No obstante, haciendo clic en el bot\u00f3n \u201c<strong>Aceptar todo<\/strong>\u201d otorga a <a href=\"http:\/\/aslambusiness.live-website.com\">aslambusiness.live-website.com<\/a> su consentimiento para que llevemos a cabo todo el procesamiento descrito en la presente pol\u00edtica. De forma alternativa configurar las cookies que se utilizar\u00e1n durante su navegaci\u00f3n en el bot\u00f3n \u201c<strong>Preferencias<\/strong>\u201d.<\/p>\t\t\t\t\t\t\t\t<\/div>\n\t\t\t\t<\/div>\n\t\t\t\t<div class=\"elementor-element elementor-element-4ccf880 elementor-widget elementor-widget-heading\" data-id=\"4ccf880\" data-element_type=\"widget\" data-e-type=\"widget\" data-widget_type=\"heading.default\">\n\t\t\t\t<div class=\"elementor-widget-container\">\n\t\t\t\t\t<h2 class=\"elementor-heading-title elementor-size-default\">\u00bfQu\u00e9 son las cookies?<\/h2>\t\t\t\t<\/div>\n\t\t\t\t<\/div>\n\t\t\t\t<div class=\"elementor-element elementor-element-e8f6330 elementor-widget elementor-widget-text-editor\" data-id=\"e8f6330\" data-element_type=\"widget\" data-e-type=\"widget\" data-widget_type=\"text-editor.default\">\n\t\t\t\t<div class=\"elementor-widget-container\">\n\t\t\t\t\t\t\t\t\t<p>Las cookies son peque\u00f1os archivos de informaci\u00f3n que se env\u00edan y almacenan en el equipo desde el que se accede a la Web <a href=\"https:\/\/aslambusiness.live-website.com\">https:\/\/aslambusiness.live-website.com<\/a> \u00a0(PC u ordenador personal, tel\u00e9fono m\u00f3vil, tableta o televisi\u00f3n conectada) facilitando el uso de la misma, para ofrecer un mejor servicio.<\/p><p>La Web <a href=\"https:\/\/aslambusiness.live-website.com\">https:\/\/aslambusiness.live-website.com<\/a> \u00a0utiliza tanto cookies propias como de terceros que nos ayudan a mejorar la calidad permiti\u00e9ndonos comparar, recordar, controlar y entender como navegan nuestros usuarios a trav\u00e9s de la Web, identificando que es lo que encuentran \u00fatil y lo que no y poder as\u00ed, mejorar el proceso de navegaci\u00f3n.<\/p><p>Las cookies que utiliza la Web no da\u00f1an tu equipo. \u00danicamente, sirven para mejorar los servicios ofrecidos. Algunas son estrictamente necesarias para que la p\u00e1gina funcione bien (t\u00e9cnicas y de personalizaci\u00f3n) y otras sirven para mejorar el rendimiento y experiencia como usuario (an\u00e1lisis, publicitarias y de publicidad comportamental).<\/p><p>La Web utiliza tanto cookies de sesi\u00f3n, temporales, como cookies permanentes. Las cookies de sesi\u00f3n almacenan datos mientras el usuario accede a la Web, caducan al cerrar el navegador; mientras que las cookies permanentes almacenan los datos en el terminal para que sean accedidos y utilizados en m\u00e1s de una sesi\u00f3n, suelen caducar cuando transcurre un periodo de tiempo que puede oscilar entre los dos meses y los dos a\u00f1os. <\/p>\t\t\t\t\t\t\t\t<\/div>\n\t\t\t\t<\/div>\n\t\t\t\t<div class=\"elementor-element elementor-element-a254837 elementor-widget elementor-widget-heading\" data-id=\"a254837\" data-element_type=\"widget\" data-e-type=\"widget\" data-widget_type=\"heading.default\">\n\t\t\t\t<div class=\"elementor-widget-container\">\n\t\t\t\t\t<h3 class=\"elementor-heading-title elementor-size-default\">Desactivaci\u00f3n de las cookies<\/h3>\t\t\t\t<\/div>\n\t\t\t\t<\/div>\n\t\t\t\t<div class=\"elementor-element elementor-element-1ead961 elementor-widget elementor-widget-text-editor\" data-id=\"1ead961\" data-element_type=\"widget\" data-e-type=\"widget\" data-widget_type=\"text-editor.default\">\n\t\t\t\t<div class=\"elementor-widget-container\">\n\t\t\t\t\t\t\t\t\t<p>Tienes la opci\u00f3n de permitir, bloquear o eliminar las cookies instaladas en tu equipo mediante la configuraci\u00f3n de las opciones del navegador instalado en su equipo. Al desactivar cookies, algunos de los servicios disponibles podr\u00edan dejar de estar operativos. La forma de deshabilitar las cookies es diferente para cada navegador, pero normalmente puede hacerse desde el men\u00fa Herramientas u Opciones. Tambi\u00e9n puede consultarse el men\u00fa de Ayuda del navegador d\u00f3nde puedes encontrar instrucciones. El usuario podr\u00e1 en cualquier momento elegir qu\u00e9 cookies quiere que funcionen en este sitio web mediante:<\/p><p>-La configuraci\u00f3n del navegador; por ejemplo:<\/p><p>\u2013 Microsoft Internet Explorer<\/p><p>\u2013 Mozilla Firefox<\/p><p>\u2013 Chrome<\/p><p>\u2013 Safari<\/p><p>\u2013 Opera<\/p>\t\t\t\t\t\t\t\t<\/div>\n\t\t\t\t<\/div>\n\t\t\t\t<div class=\"elementor-element elementor-element-4631fb6 elementor-widget elementor-widget-heading\" data-id=\"4631fb6\" data-element_type=\"widget\" data-e-type=\"widget\" data-widget_type=\"heading.default\">\n\t\t\t\t<div class=\"elementor-widget-container\">\n\t\t\t\t\t<h3 class=\"elementor-heading-title elementor-size-default\">Tipos de cookies<\/h3>\t\t\t\t<\/div>\n\t\t\t\t<\/div>\n\t\t\t\t<div class=\"elementor-element elementor-element-b1d0649 elementor-widget elementor-widget-text-editor\" data-id=\"b1d0649\" data-element_type=\"widget\" data-e-type=\"widget\" data-widget_type=\"text-editor.default\">\n\t\t\t\t<div class=\"elementor-widget-container\">\n\t\t\t\t\t\t\t\t\t<p>Seg\u00fan la finalidad para la que se traten los datos obtenidos a trav\u00e9s de las cookies, la Web puede utilizar:<\/p><ul><li>Cookies t\u00e9cnicas: son aqu\u00e9llas que permiten al usuario la navegaci\u00f3n a trav\u00e9s de una p\u00e1gina web, plataforma o aplicaci\u00f3n y la utilizaci\u00f3n de las diferentes opciones o servicios que en ella existan como, por ejemplo, controlar el tr\u00e1fico y la comunicaci\u00f3n de datos, identificar la sesi\u00f3n, acceder a partes de acceso restringido.<\/li><li>Cookies de personalizaci\u00f3n: son aqu\u00e9llas que permiten al usuario acceder al servicio con algunas caracter\u00edsticas de car\u00e1cter general predefinidas en funci\u00f3n de una serie de criterios en el terminal del usuario como por ejemplo serian el idioma, el tipo de navegador<\/li><li>Cookies de an\u00e1lisis: son aqu\u00e9llas que permiten el seguimiento y an\u00e1lisis del comportamiento de los usuarios de los sitios Web a los que est\u00e1n vinculadas. La informaci\u00f3n recogida mediante este tipo de cookies se utiliza en la medici\u00f3n de la actividad de los sitios Web, aplicaci\u00f3n o plataforma y para la elaboraci\u00f3n de perfiles de navegaci\u00f3n de los usuarios.<\/li><li>Cookies publicitarias: son aqu\u00e9llas que permiten la gesti\u00f3n, de la forma m\u00e1s eficaz posible, de los espacios publicitarios.<\/li><li>Cookies de publicidad comportamental: estas cookies almacenan informaci\u00f3n del comportamiento de los usuarios obtenida a trav\u00e9s de la observaci\u00f3n continuada de sus h\u00e1bitos de navegaci\u00f3n, lo que permite desarrollar un perfil espec\u00edfico para mostrar publicidad en funci\u00f3n del mismo. El usuario puede darse de baja en la utilizaci\u00f3n de sus datos para publicidad visitando IAB Spain. Seguir\u00e1 recibiendo otra publicidad, pero \u00e9sta no estar\u00e1 basada en sus intereses espec\u00edficos.<\/li><li>Cookies de redes sociales externas: que se utilizan para que los visitantes puedan interactuar con el contenido de diferentes plataformas sociales (facebook, youtube, twitter, linkedIn) y que se generen \u00fanicamente para los usuarios de dichas redes sociales. Las condiciones de utilizaci\u00f3n de estas cookies y la informaci\u00f3n recopilada se regulan por la pol\u00edtica de privacidad de la plataforma social correspondiente.<\/li><\/ul>\t\t\t\t\t\t\t\t<\/div>\n\t\t\t\t<\/div>\n\t\t\t\t<div class=\"elementor-element elementor-element-7b561c8 elementor-widget elementor-widget-heading\" data-id=\"7b561c8\" data-element_type=\"widget\" data-e-type=\"widget\" data-widget_type=\"heading.default\">\n\t\t\t\t<div class=\"elementor-widget-container\">\n\t\t\t\t\t<h3 class=\"elementor-heading-title elementor-size-default\">Cookies utilizadas<\/h3>\t\t\t\t<\/div>\n\t\t\t\t<\/div>\n\t\t\t\t<div class=\"elementor-element elementor-element-0f8e612 elementor-widget elementor-widget-heading\" data-id=\"0f8e612\" data-element_type=\"widget\" data-e-type=\"widget\" data-widget_type=\"heading.default\">\n\t\t\t\t<div class=\"elementor-widget-container\">\n\t\t\t\t\t<h4 class=\"elementor-heading-title elementor-size-default\">Cookies Propias<\/h4>\t\t\t\t<\/div>\n\t\t\t\t<\/div>\n\t\t\t\t<div class=\"elementor-element elementor-element-b21cbe3 elementor-widget elementor-widget-heading\" data-id=\"b21cbe3\" data-element_type=\"widget\" data-e-type=\"widget\" data-widget_type=\"heading.default\">\n\t\t\t\t<div class=\"elementor-widget-container\">\n\t\t\t\t\t<h6 class=\"elementor-heading-title elementor-size-default\">Cookies t\u00e9cnicas<\/h6>\t\t\t\t<\/div>\n\t\t\t\t<\/div>\n\t\t\t\t<div class=\"elementor-element elementor-element-d05e942 elementor-widget elementor-widget-text-editor\" data-id=\"d05e942\" data-element_type=\"widget\" data-e-type=\"widget\" data-widget_type=\"text-editor.default\">\n\t\t\t\t<div class=\"elementor-widget-container\">\n\t\t\t\t\t\t\t\t\t<p>Finalidad: Gestionan la correcta navegaci\u00f3n a trav\u00e9s de la Web y sus contenidos, permitiendo identificar las sesiones de usuario y proteger su uso.<\/p><p>Opt-out: N\/A<\/p>\t\t\t\t\t\t\t\t<\/div>\n\t\t\t\t<\/div>\n\t\t\t\t<div class=\"elementor-element elementor-element-7b9f623 elementor-widget elementor-widget-heading\" data-id=\"7b9f623\" data-element_type=\"widget\" data-e-type=\"widget\" data-widget_type=\"heading.default\">\n\t\t\t\t<div class=\"elementor-widget-container\">\n\t\t\t\t\t<h4 class=\"elementor-heading-title elementor-size-default\">Cookies de terceros<\/h4>\t\t\t\t<\/div>\n\t\t\t\t<\/div>\n\t\t\t\t<div class=\"elementor-element elementor-element-0954d14 elementor-widget elementor-widget-heading\" data-id=\"0954d14\" data-element_type=\"widget\" data-e-type=\"widget\" data-widget_type=\"heading.default\">\n\t\t\t\t<div class=\"elementor-widget-container\">\n\t\t\t\t\t<h6 class=\"elementor-heading-title elementor-size-default\">Cookies Anal\u00edticas<\/h6>\t\t\t\t<\/div>\n\t\t\t\t<\/div>\n\t\t\t\t<div class=\"elementor-element elementor-element-bd37180 elementor-widget elementor-widget-text-editor\" data-id=\"bd37180\" data-element_type=\"widget\" data-e-type=\"widget\" data-widget_type=\"text-editor.default\">\n\t\t\t\t<div class=\"elementor-widget-container\">\n\t\t\t\t\t\t\t\t\t<p>Google Analytics \/ _ga -gid _gat<\/p><p>Finalidad: La Web utiliza Google Analytics, un servicio anal\u00edtico de Web prestado por Google, Inc., una compa\u00f1\u00eda de Delaware cuya oficina principal est\u00e1 en 1600 Amphitheatre Parkway, Mountain View (California), CA 94043, Estados Unidos (\u00abGoogle\u00bb). La informaci\u00f3n que genera la cookie acerca de su uso de la Web (incluyendo su direcci\u00f3n IP) ser\u00e1 directamente transmitida y archivada por Google en los servidores de Estados Unidos. Google usar\u00e1 esta informaci\u00f3n por cuenta de ASLAM con el prop\u00f3sito de seguir la pista de su uso de la Web, recopilando informes de actividad y prestando otros servicios relacionados con la actividad y el uso de Internet. Google no asociar\u00e1 su direcci\u00f3n IP con ning\u00fan otro dato del que disponga.<\/p><p><strong><u>Opt-out:<\/u><\/strong> <a href=\"https:\/\/tools.google.com\/dlpage\/gaoptout\">https:\/\/tools.google.com\/dlpage\/gaoptout<\/a><\/p><p>Los sistemas de opt-out espec\u00edficos indicados en la tabla anterior respecto de la cookie de que se trate (estos sistemas pueden conllevar que se instale en su equipo una cookie \u00abde rechazo\u00bb para que funcione su elecci\u00f3n de desactivaci\u00f3n); u otras herramientas de terceros, disponibles on line, que permiten a los usuarios detectar las cookies en cada sitio web que visita y gestionar su desactivaci\u00f3n.<\/p>\t\t\t\t\t\t\t\t<\/div>\n\t\t\t\t<\/div>\n\t\t\t\t\t<\/div>\n\t\t<\/div>\n\t\t\t\t\t<\/div>\n\t\t<\/section>\n\t\t\t\t<section class=\"elementor-section elementor-top-section elementor-element elementor-element-bb5b936 elementor-section-boxed elementor-section-height-default elementor-section-height-default\" data-id=\"bb5b936\" data-element_type=\"section\" data-e-type=\"section\">\n\t\t\t\t\t\t<div class=\"elementor-container elementor-column-gap-default\">\n\t\t\t\t\t<div class=\"elementor-column elementor-col-100 elementor-top-column elementor-element elementor-element-08018fd\" data-id=\"08018fd\" data-element_type=\"column\" data-e-type=\"column\">\n\t\t\t<div class=\"elementor-widget-wrap elementor-element-populated\">\n\t\t\t\t\t\t<div class=\"elementor-element elementor-element-83e65b0 elementor-widget elementor-widget-text-editor\" data-id=\"83e65b0\" data-element_type=\"widget\" data-e-type=\"widget\" data-widget_type=\"text-editor.default\">\n\t\t\t\t<div class=\"elementor-widget-container\">\n\t\t\t\t\t\t\t\t\t<p>ASLAM no se hace responsable del contenido y veracidad de las pol\u00edticas de privacidad de los terceros incluidas en esta pol\u00edtica de cookies.<\/p><p>Cualquier duda o cuesti\u00f3n que tenga sobre esta pol\u00edtica de cookies, puede contactar con <a href=\"mailto:info@aslam.es\">info@aslam.es<\/a> en el formulario de contacto habilitado para tal fin.<\/p>\t\t\t\t\t\t\t\t<\/div>\n\t\t\t\t<\/div>\n\t\t\t\t\t<\/div>\n\t\t<\/div>\n\t\t\t\t\t<\/div>\n\t\t<\/section>\n\t\t\t\t<\/div>\n\t\t","protected":false},"excerpt":{"rendered":"<p>Antes de que empieces a navegar por la Web nos gustar\u00eda informarte que utilizamos cookies con diferentes finalidades en la Web www.aslam.es , de tal forma que puedas decidir si quieres que las mismas se instalen en tu equipo o no. Con car\u00e1cter previo al tratamiento de los datos personales, el interesado puede modular el [&hellip;]<\/p>\n","protected":false},"author":3,"featured_media":0,"parent":0,"menu_order":0,"comment_status":"closed","ping_status":"closed","template":"","meta":{"footnotes":""},"class_list":["post-1418","page","type-page","status-publish","hentry"],"yoast_head":"<!-- This site is optimized with the Yoast SEO plugin v27.4 - https:\/\/yoast.com\/product\/yoast-seo-wordpress\/ -->\n<title>Pol\u00edtica de Cookies -<\/title>\n<meta name=\"robots\" content=\"index, follow, max-snippet:-1, max-image-preview:large, max-video-preview:-1\" \/>\n<link rel=\"canonical\" href=\"https:\/\/aslambusinesscorp.es\/index.php\/politica-de-cookies\/\" \/>\n<meta property=\"og:locale\" content=\"es_ES\" \/>\n<meta property=\"og:type\" content=\"article\" \/>\n<meta property=\"og:title\" content=\"Pol\u00edtica de Cookies -\" \/>\n<meta property=\"og:description\" content=\"Antes de que empieces a navegar por la Web nos gustar\u00eda informarte que utilizamos cookies con diferentes finalidades en la Web www.aslam.es , de tal forma que puedas decidir si quieres que las mismas se instalen en tu equipo o no. Con car\u00e1cter previo al tratamiento de los datos personales, el interesado puede modular el [&hellip;]\" \/>\n<meta property=\"og:url\" content=\"https:\/\/aslambusinesscorp.es\/index.php\/politica-de-cookies\/\" \/>\n<meta property=\"article:publisher\" content=\"https:\/\/es-es.facebook.com\/ASLAMNEWIT\/\" \/>\n<meta property=\"article:modified_time\" content=\"2023-01-03T12:43:34+00:00\" \/>\n<meta name=\"twitter:card\" content=\"summary_large_image\" \/>\n<meta name=\"twitter:site\" content=\"@aslamnewit\" \/>\n<meta name=\"twitter:label1\" content=\"Tiempo de lectura\" \/>\n\t<meta name=\"twitter:data1\" content=\"6 minutos\" \/>\n<script type=\"application\/ld+json\" class=\"yoast-schema-graph\">{\"@context\":\"https:\\\/\\\/schema.org\",\"@graph\":[{\"@type\":\"WebPage\",\"@id\":\"https:\\\/\\\/aslambusinesscorp.es\\\/index.php\\\/politica-de-cookies\\\/\",\"url\":\"https:\\\/\\\/aslambusinesscorp.es\\\/index.php\\\/politica-de-cookies\\\/\",\"name\":\"Pol\u00edtica de Cookies -\",\"isPartOf\":{\"@id\":\"https:\\\/\\\/aslambusinesscorp.es\\\/#website\"},\"datePublished\":\"2023-01-03T12:36:34+00:00\",\"dateModified\":\"2023-01-03T12:43:34+00:00\",\"inLanguage\":\"es\",\"potentialAction\":[{\"@type\":\"ReadAction\",\"target\":[\"https:\\\/\\\/aslambusinesscorp.es\\\/index.php\\\/politica-de-cookies\\\/\"]}]},{\"@type\":\"WebSite\",\"@id\":\"https:\\\/\\\/aslambusinesscorp.es\\\/#website\",\"url\":\"https:\\\/\\\/aslambusinesscorp.es\\\/\",\"name\":\"\",\"description\":\"\",\"potentialAction\":[{\"@type\":\"SearchAction\",\"target\":{\"@type\":\"EntryPoint\",\"urlTemplate\":\"https:\\\/\\\/aslambusinesscorp.es\\\/?s={search_term_string}\"},\"query-input\":{\"@type\":\"PropertyValueSpecification\",\"valueRequired\":true,\"valueName\":\"search_term_string\"}}],\"inLanguage\":\"es\"}]}<\/script>\n<!-- \/ Yoast SEO plugin. -->","yoast_head_json":{"title":"Pol\u00edtica de Cookies -","robots":{"index":"index","follow":"follow","max-snippet":"max-snippet:-1","max-image-preview":"max-image-preview:large","max-video-preview":"max-video-preview:-1"},"canonical":"https:\/\/aslambusinesscorp.es\/index.php\/politica-de-cookies\/","og_locale":"es_ES","og_type":"article","og_title":"Pol\u00edtica de Cookies -","og_description":"Antes de que empieces a navegar por la Web nos gustar\u00eda informarte que utilizamos cookies con diferentes finalidades en la Web www.aslam.es , de tal forma que puedas decidir si quieres que las mismas se instalen en tu equipo o no. Con car\u00e1cter previo al tratamiento de los datos personales, el interesado puede modular el [&hellip;]","og_url":"https:\/\/aslambusinesscorp.es\/index.php\/politica-de-cookies\/","article_publisher":"https:\/\/es-es.facebook.com\/ASLAMNEWIT\/","article_modified_time":"2023-01-03T12:43:34+00:00","twitter_card":"summary_large_image","twitter_site":"@aslamnewit","twitter_misc":{"Tiempo de lectura":"6 minutos"},"schema":{"@context":"https:\/\/schema.org","@graph":[{"@type":"WebPage","@id":"https:\/\/aslambusinesscorp.es\/index.php\/politica-de-cookies\/","url":"https:\/\/aslambusinesscorp.es\/index.php\/politica-de-cookies\/","name":"Pol\u00edtica de Cookies -","isPartOf":{"@id":"https:\/\/aslambusinesscorp.es\/#website"},"datePublished":"2023-01-03T12:36:34+00:00","dateModified":"2023-01-03T12:43:34+00:00","inLanguage":"es","potentialAction":[{"@type":"ReadAction","target":["https:\/\/aslambusinesscorp.es\/index.php\/politica-de-cookies\/"]}]},{"@type":"WebSite","@id":"https:\/\/aslambusinesscorp.es\/#website","url":"https:\/\/aslambusinesscorp.es\/","name":"","description":"","potentialAction":[{"@type":"SearchAction","target":{"@type":"EntryPoint","urlTemplate":"https:\/\/aslambusinesscorp.es\/?s={search_term_string}"},"query-input":{"@type":"PropertyValueSpecification","valueRequired":true,"valueName":"search_term_string"}}],"inLanguage":"es"}]}},"_links":{"self":[{"href":"https:\/\/aslambusinesscorp.es\/index.php\/wp-json\/wp\/v2\/pages\/1418","targetHints":{"allow":["GET"]}}],"collection":[{"href":"https:\/\/aslambusinesscorp.es\/index.php\/wp-json\/wp\/v2\/pages"}],"about":[{"href":"https:\/\/aslambusinesscorp.es\/index.php\/wp-json\/wp\/v2\/types\/page"}],"author":[{"embeddable":true,"href":"https:\/\/aslambusinesscorp.es\/index.php\/wp-json\/wp\/v2\/users\/3"}],"replies":[{"embeddable":true,"href":"https:\/\/aslambusinesscorp.es\/index.php\/wp-json\/wp\/v2\/comments?post=1418"}],"version-history":[{"count":13,"href":"https:\/\/aslambusinesscorp.es\/index.php\/wp-json\/wp\/v2\/pages\/1418\/revisions"}],"predecessor-version":[{"id":1431,"href":"https:\/\/aslambusinesscorp.es\/index.php\/wp-json\/wp\/v2\/pages\/1418\/revisions\/1431"}],"wp:attachment":[{"href":"https:\/\/aslambusinesscorp.es\/index.php\/wp-json\/wp\/v2\/media?parent=1418"}],"curies":[{"name":"wp","href":"https:\/\/api.w.org\/{rel}","templated":true}]}}