{"id":13,"date":"2022-11-28T13:46:36","date_gmt":"2022-11-28T13:46:36","guid":{"rendered":"https:\/\/aslambusiness.live-website.com\/?page_id=13"},"modified":"2023-08-07T14:32:22","modified_gmt":"2023-08-07T14:32:22","slug":"productos","status":"publish","type":"page","link":"https:\/\/aslambusinesscorp.es\/index.php\/productos\/","title":{"rendered":"Productos"},"content":{"rendered":"\t\t<div data-elementor-type=\"wp-page\" data-elementor-id=\"13\" class=\"elementor elementor-13\" data-elementor-post-type=\"page\">\n\t\t\t\t\t\t<section class=\"elementor-section elementor-top-section elementor-element elementor-element-783fb33 elementor-section-height-min-height elementor-section-boxed elementor-section-height-default elementor-section-items-middle\" data-id=\"783fb33\" data-element_type=\"section\" data-e-type=\"section\" data-settings=\"{&quot;background_background&quot;:&quot;classic&quot;}\">\n\t\t\t\t\t\t<div class=\"elementor-container elementor-column-gap-default\">\n\t\t\t\t\t<div class=\"elementor-column elementor-col-100 elementor-top-column elementor-element elementor-element-7ee10a4\" data-id=\"7ee10a4\" data-element_type=\"column\" data-e-type=\"column\">\n\t\t\t<div class=\"elementor-widget-wrap elementor-element-populated\">\n\t\t\t\t\t\t<div class=\"elementor-element elementor-element-b0d9fb6 elementor-widget elementor-widget-text-editor\" data-id=\"b0d9fb6\" data-element_type=\"widget\" data-e-type=\"widget\" data-widget_type=\"text-editor.default\">\n\t\t\t\t<div class=\"elementor-widget-container\">\n\t\t\t\t\t\t\t\t\t<p>nuestros sistemas de gesti\u00f3n<\/p>\t\t\t\t\t\t\t\t<\/div>\n\t\t\t\t<\/div>\n\t\t\t\t<div class=\"elementor-element elementor-element-2f0b49c elementor-widget elementor-widget-heading\" data-id=\"2f0b49c\" data-element_type=\"widget\" data-e-type=\"widget\" data-widget_type=\"heading.default\">\n\t\t\t\t<div class=\"elementor-widget-container\">\n\t\t\t\t\t<h1 class=\"elementor-heading-title elementor-size-default\">Productos<\/h1>\t\t\t\t<\/div>\n\t\t\t\t<\/div>\n\t\t\t\t\t<\/div>\n\t\t<\/div>\n\t\t\t\t\t<\/div>\n\t\t<\/section>\n\t\t\t\t<section class=\"elementor-section elementor-top-section elementor-element elementor-element-6a58e61 elementor-section-boxed elementor-section-height-default elementor-section-height-default\" data-id=\"6a58e61\" data-element_type=\"section\" data-e-type=\"section\">\n\t\t\t\t\t\t<div class=\"elementor-container elementor-column-gap-default\">\n\t\t\t\t\t<div class=\"elementor-column elementor-col-50 elementor-top-column elementor-element elementor-element-a161095\" data-id=\"a161095\" data-element_type=\"column\" data-e-type=\"column\">\n\t\t\t<div class=\"elementor-widget-wrap elementor-element-populated\">\n\t\t\t\t\t\t<div class=\"elementor-element elementor-element-7167b77 elementor-widget elementor-widget-heading\" data-id=\"7167b77\" data-element_type=\"widget\" data-e-type=\"widget\" data-widget_type=\"heading.default\">\n\t\t\t\t<div class=\"elementor-widget-container\">\n\t\t\t\t\t<h4 class=\"elementor-heading-title elementor-size-default\">Destacamos por excelencia<\/h4>\t\t\t\t<\/div>\n\t\t\t\t<\/div>\n\t\t\t\t<div class=\"elementor-element elementor-element-5f9b131 elementor-widget elementor-widget-heading\" data-id=\"5f9b131\" data-element_type=\"widget\" data-e-type=\"widget\" data-widget_type=\"heading.default\">\n\t\t\t\t<div class=\"elementor-widget-container\">\n\t\t\t\t\t<h2 class=\"elementor-heading-title elementor-size-default\">Aslam en el sector sanitario<\/h2>\t\t\t\t<\/div>\n\t\t\t\t<\/div>\n\t\t\t\t\t<\/div>\n\t\t<\/div>\n\t\t\t\t<div class=\"elementor-column elementor-col-50 elementor-top-column elementor-element elementor-element-8b99e94\" data-id=\"8b99e94\" data-element_type=\"column\" data-e-type=\"column\">\n\t\t\t<div class=\"elementor-widget-wrap elementor-element-populated\">\n\t\t\t\t\t\t<div class=\"elementor-element elementor-element-0647afa elementor-widget elementor-widget-text-editor\" data-id=\"0647afa\" data-element_type=\"widget\" data-e-type=\"widget\" data-widget_type=\"text-editor.default\">\n\t\t\t\t<div class=\"elementor-widget-container\">\n\t\t\t\t\t\t\t\t\t<p>Gracias a nuestro esfuerzo y nuestra labor profesional, hemos adquirido los conocimientos y las herramientas necesarias para formar parte del elenco de las <strong><em>mejores empresas tecnol\u00f3gicas expertas en el sector sanitario.<\/em><\/strong><\/p><p>Esta posici\u00f3n nos ha brindado la oportunidad de ejecutar e integrar proyectos de lo m\u00e1s innovadores, lanzando dos potentes sistemas de gesti\u00f3n con los que hemos alcanzado nuestros objetivos y los de nuestros clientes: optimizar ciertas \u00e1reas de la empresa y mejorar la experiencia y satisfacci\u00f3n del cliente.<\/p><p>Estos sistemas fueron presentados de forma p\u00fablica durante la 44th edici\u00f3n del IHF Barcelona World Hospital Congress y responden al nombre de IRENA y MARY CLAIMS.<\/p>\t\t\t\t\t\t\t\t<\/div>\n\t\t\t\t<\/div>\n\t\t\t\t\t<\/div>\n\t\t<\/div>\n\t\t\t\t\t<\/div>\n\t\t<\/section>\n\t\t\t\t<section class=\"elementor-section elementor-top-section elementor-element elementor-element-1bc7d57 elementor-reverse-mobile elementor-section-boxed elementor-section-height-default elementor-section-height-default\" data-id=\"1bc7d57\" data-element_type=\"section\" data-e-type=\"section\">\n\t\t\t\t\t\t<div class=\"elementor-container elementor-column-gap-default\">\n\t\t\t\t\t<div class=\"elementor-column elementor-col-50 elementor-top-column elementor-element elementor-element-4cdf23e\" data-id=\"4cdf23e\" data-element_type=\"column\" data-e-type=\"column\" data-settings=\"{&quot;background_background&quot;:&quot;classic&quot;}\">\n\t\t\t<div class=\"elementor-widget-wrap elementor-element-populated\">\n\t\t\t\t\t<div class=\"elementor-background-overlay\"><\/div>\n\t\t\t\t\t\t<div class=\"elementor-element elementor-element-f337394 elementor-cta--skin-cover elementor-widget elementor-widget-call-to-action\" data-id=\"f337394\" data-element_type=\"widget\" data-e-type=\"widget\" data-widget_type=\"call-to-action.default\">\n\t\t\t\t<div class=\"elementor-widget-container\">\n\t\t\t\t\t\t\t<div class=\"elementor-cta\">\n\t\t\t\t\t<div class=\"elementor-cta__bg-wrapper\">\n\t\t\t\t<div class=\"elementor-cta__bg elementor-bg\" style=\"background-image: url(https:\/\/aslambusinesscorp.es\/wp-content\/uploads\/2023\/01\/Irena-1.jpg);\" role=\"img\" aria-label=\"Irena\"><\/div>\n\t\t\t\t<div class=\"elementor-cta__bg-overlay\"><\/div>\n\t\t\t<\/div>\n\t\t\t\t\t\t\t<div class=\"elementor-cta__content\">\n\t\t\t\t\n\t\t\t\t\t\t\t\t\t<h2 class=\"elementor-cta__title elementor-cta__content-item elementor-content-item\">\n\t\t\t\t\t\t \t\t\t\t\t<\/h2>\n\t\t\t\t\n\t\t\t\t\n\t\t\t\t\t\t\t<\/div>\n\t\t\t\t\t\t<\/div>\n\t\t\t\t\t\t<\/div>\n\t\t\t\t<\/div>\n\t\t\t\t\t<\/div>\n\t\t<\/div>\n\t\t\t\t<div class=\"elementor-column elementor-col-50 elementor-top-column elementor-element elementor-element-f8d6268\" data-id=\"f8d6268\" data-element_type=\"column\" data-e-type=\"column\">\n\t\t\t<div class=\"elementor-widget-wrap elementor-element-populated\">\n\t\t\t\t\t\t<div class=\"elementor-element elementor-element-a5979b5 elementor-widget elementor-widget-heading\" data-id=\"a5979b5\" data-element_type=\"widget\" data-e-type=\"widget\" data-widget_type=\"heading.default\">\n\t\t\t\t<div class=\"elementor-widget-container\">\n\t\t\t\t\t<h4 class=\"elementor-heading-title elementor-size-default\">Sistema de gesti\u00f3n de la imputaci\u00f3n de materiales sanitarios a tiempo real<\/h4>\t\t\t\t<\/div>\n\t\t\t\t<\/div>\n\t\t\t\t<div class=\"elementor-element elementor-element-782c144 elementor-widget elementor-widget-heading\" data-id=\"782c144\" data-element_type=\"widget\" data-e-type=\"widget\" data-widget_type=\"heading.default\">\n\t\t\t\t<div class=\"elementor-widget-container\">\n\t\t\t\t\t<h2 class=\"elementor-heading-title elementor-size-default\">Irena<\/h2>\t\t\t\t<\/div>\n\t\t\t\t<\/div>\n\t\t\t\t<div class=\"elementor-element elementor-element-e884d06 elementor-widget elementor-widget-text-editor\" data-id=\"e884d06\" data-element_type=\"widget\" data-e-type=\"widget\" data-widget_type=\"text-editor.default\">\n\t\t\t\t<div class=\"elementor-widget-container\">\n\t\t\t\t\t\t\t\t\t<p><strong><em>IRENA <\/em><\/strong>es un poderoso y eficaz<strong><em> sistema de gesti\u00f3n del sector sanitario<\/em><\/strong>, en concreto, de<strong><em> imputaci\u00f3n de materiales sanitarios a tiempo real,<\/em><\/strong> permitiendo entre otras soluciones la precisa identificaci\u00f3n de pr\u00f3tesis y materiales referentes a casos de cirug\u00eda con implantes en el quir\u00f3fano.<\/p>\t\t\t\t\t\t\t\t<\/div>\n\t\t\t\t<\/div>\n\t\t\t\t<div class=\"elementor-element elementor-element-e9cb728 elementor-align-left elementor-widget elementor-widget-button\" data-id=\"e9cb728\" data-element_type=\"widget\" data-e-type=\"widget\" data-widget_type=\"button.default\">\n\t\t\t\t<div class=\"elementor-widget-container\">\n\t\t\t\t\t\t\t\t\t<div class=\"elementor-button-wrapper\">\n\t\t\t\t\t<a class=\"elementor-button elementor-button-link elementor-size-md\" href=\"https:\/\/aslambusiness.live-website.com\/index.php\/irena\/\">\n\t\t\t\t\t\t<span class=\"elementor-button-content-wrapper\">\n\t\t\t\t\t\t<span class=\"elementor-button-icon\">\n\t\t\t\t<i aria-hidden=\"true\" class=\"fas fa-long-arrow-alt-right\"><\/i>\t\t\t<\/span>\n\t\t\t\t\t\t\t\t\t<span class=\"elementor-button-text\">Saber m\u00e1s<\/span>\n\t\t\t\t\t<\/span>\n\t\t\t\t\t<\/a>\n\t\t\t\t<\/div>\n\t\t\t\t\t\t\t\t<\/div>\n\t\t\t\t<\/div>\n\t\t\t\t\t<\/div>\n\t\t<\/div>\n\t\t\t\t\t<\/div>\n\t\t<\/section>\n\t\t\t\t<section class=\"elementor-section elementor-top-section elementor-element elementor-element-82c357b elementor-section-boxed elementor-section-height-default elementor-section-height-default\" data-id=\"82c357b\" data-element_type=\"section\" data-e-type=\"section\">\n\t\t\t\t\t\t<div class=\"elementor-container elementor-column-gap-default\">\n\t\t\t\t\t<div class=\"elementor-column elementor-col-50 elementor-top-column elementor-element elementor-element-fa16e48\" data-id=\"fa16e48\" data-element_type=\"column\" data-e-type=\"column\">\n\t\t\t<div class=\"elementor-widget-wrap elementor-element-populated\">\n\t\t\t\t\t\t<div class=\"elementor-element elementor-element-9c6197a elementor-widget elementor-widget-heading\" data-id=\"9c6197a\" data-element_type=\"widget\" data-e-type=\"widget\" data-widget_type=\"heading.default\">\n\t\t\t\t<div class=\"elementor-widget-container\">\n\t\t\t\t\t<h4 class=\"elementor-heading-title elementor-size-default\">el gestor global de reclamaciones m\u00e1s potente del sector sanitario<\/h4>\t\t\t\t<\/div>\n\t\t\t\t<\/div>\n\t\t\t\t<div class=\"elementor-element elementor-element-3bbf64b elementor-widget elementor-widget-heading\" data-id=\"3bbf64b\" data-element_type=\"widget\" data-e-type=\"widget\" data-widget_type=\"heading.default\">\n\t\t\t\t<div class=\"elementor-widget-container\">\n\t\t\t\t\t<h2 class=\"elementor-heading-title elementor-size-default\">MaryClaims<\/h2>\t\t\t\t<\/div>\n\t\t\t\t<\/div>\n\t\t\t\t<div class=\"elementor-element elementor-element-3a4e313 elementor-widget elementor-widget-text-editor\" data-id=\"3a4e313\" data-element_type=\"widget\" data-e-type=\"widget\" data-widget_type=\"text-editor.default\">\n\t\t\t\t<div class=\"elementor-widget-container\">\n\t\t\t\t\t\t\t\t\t<p>MARY CLAIMS es un potente <strong><em>gestor de reclamaciones, quejas, sugerencias y agradecimientos<\/em><\/strong> que los clientes realizan para con la empresa sanitaria a la que acuden. Una integraci\u00f3n 360\u00ba que supone un avance y una optimizaci\u00f3n del tiempo tanto del cliente como de la empresa y que, adem\u00e1s, gracias a su tecnolog\u00eda, automatiza todo el control operativo del servicio, mejorando la experiencia de usuario y el nivel de satisfacci\u00f3n y adaptando el tratamiento a las ultimas normativas.<\/p>\t\t\t\t\t\t\t\t<\/div>\n\t\t\t\t<\/div>\n\t\t\t\t<div class=\"elementor-element elementor-element-3147852 elementor-align-left elementor-widget elementor-widget-button\" data-id=\"3147852\" data-element_type=\"widget\" data-e-type=\"widget\" data-widget_type=\"button.default\">\n\t\t\t\t<div class=\"elementor-widget-container\">\n\t\t\t\t\t\t\t\t\t<div class=\"elementor-button-wrapper\">\n\t\t\t\t\t<a class=\"elementor-button elementor-button-link elementor-size-md\" href=\"https:\/\/aslambusiness.live-website.com\/index.php\/mary-claims\/\">\n\t\t\t\t\t\t<span class=\"elementor-button-content-wrapper\">\n\t\t\t\t\t\t<span class=\"elementor-button-icon\">\n\t\t\t\t<i aria-hidden=\"true\" class=\"fas fa-long-arrow-alt-right\"><\/i>\t\t\t<\/span>\n\t\t\t\t\t\t\t\t\t<span class=\"elementor-button-text\">Saber m\u00e1s<\/span>\n\t\t\t\t\t<\/span>\n\t\t\t\t\t<\/a>\n\t\t\t\t<\/div>\n\t\t\t\t\t\t\t\t<\/div>\n\t\t\t\t<\/div>\n\t\t\t\t\t<\/div>\n\t\t<\/div>\n\t\t\t\t<div class=\"elementor-column elementor-col-50 elementor-top-column elementor-element elementor-element-0ec4b5d\" data-id=\"0ec4b5d\" data-element_type=\"column\" data-e-type=\"column\" data-settings=\"{&quot;background_background&quot;:&quot;classic&quot;}\">\n\t\t\t<div class=\"elementor-widget-wrap elementor-element-populated\">\n\t\t\t\t\t<div class=\"elementor-background-overlay\"><\/div>\n\t\t\t\t\t\t<div class=\"elementor-element elementor-element-b71cf27 elementor-cta--skin-cover elementor-widget elementor-widget-call-to-action\" data-id=\"b71cf27\" data-element_type=\"widget\" data-e-type=\"widget\" data-widget_type=\"call-to-action.default\">\n\t\t\t\t<div class=\"elementor-widget-container\">\n\t\t\t\t\t\t\t<div class=\"elementor-cta\">\n\t\t\t\t\t<div class=\"elementor-cta__bg-wrapper\">\n\t\t\t\t<div class=\"elementor-cta__bg elementor-bg\" style=\"background-image: url(https:\/\/aslambusinesscorp.es\/wp-content\/uploads\/2023\/01\/mary.jpg);\" role=\"img\" aria-label=\"mary\"><\/div>\n\t\t\t\t<div class=\"elementor-cta__bg-overlay\"><\/div>\n\t\t\t<\/div>\n\t\t\t\t\t\t\t<div class=\"elementor-cta__content\">\n\t\t\t\t\n\t\t\t\t\t\t\t\t\t<h2 class=\"elementor-cta__title elementor-cta__content-item elementor-content-item\">\n\t\t\t\t\t\t \t\t\t\t\t<\/h2>\n\t\t\t\t\n\t\t\t\t\n\t\t\t\t\t\t\t<\/div>\n\t\t\t\t\t\t<\/div>\n\t\t\t\t\t\t<\/div>\n\t\t\t\t<\/div>\n\t\t\t\t\t<\/div>\n\t\t<\/div>\n\t\t\t\t\t<\/div>\n\t\t<\/section>\n\t\t\t\t<section class=\"elementor-section elementor-top-section elementor-element elementor-element-42b7e60 elementor-section-boxed elementor-section-height-default elementor-section-height-default\" data-id=\"42b7e60\" data-element_type=\"section\" data-e-type=\"section\" data-settings=\"{&quot;background_background&quot;:&quot;classic&quot;}\">\n\t\t\t\t\t\t<div class=\"elementor-container elementor-column-gap-default\">\n\t\t\t\t\t<div class=\"elementor-column elementor-col-100 elementor-top-column elementor-element elementor-element-308d426\" data-id=\"308d426\" data-element_type=\"column\" data-e-type=\"column\" data-settings=\"{&quot;background_background&quot;:&quot;classic&quot;}\">\n\t\t\t<div class=\"elementor-widget-wrap elementor-element-populated\">\n\t\t\t\t\t\t<div class=\"elementor-element elementor-element-9caaf7d elementor-widget elementor-widget-heading\" data-id=\"9caaf7d\" data-element_type=\"widget\" data-e-type=\"widget\" data-widget_type=\"heading.default\">\n\t\t\t\t<div class=\"elementor-widget-container\">\n\t\t\t\t\t<h2 class=\"elementor-heading-title elementor-size-default\">Te acompa\u00f1amos en cada paso del camino<\/h2>\t\t\t\t<\/div>\n\t\t\t\t<\/div>\n\t\t\t\t<div class=\"elementor-element elementor-element-1afa2b6 elementor-widget elementor-widget-text-editor\" data-id=\"1afa2b6\" data-element_type=\"widget\" data-e-type=\"widget\" data-widget_type=\"text-editor.default\">\n\t\t\t\t<div class=\"elementor-widget-container\">\n\t\t\t\t\t\t\t\t\t<p>\u00bfTe apetece que trabajemos juntos? <br \/>Estudiaremos tu caso y te ofreceremos soluciones adaptadas a tus necesidades con las que lograr\u00e1s un \u00e9xito asegurado.<br \/>D\u00e9janos tu contacto y comienza a impulsar tu negocio.<\/p>\t\t\t\t\t\t\t\t<\/div>\n\t\t\t\t<\/div>\n\t\t\t\t<div class=\"elementor-element elementor-element-1297df2 elementor-align-center elementor-widget elementor-widget-button\" data-id=\"1297df2\" data-element_type=\"widget\" data-e-type=\"widget\" data-widget_type=\"button.default\">\n\t\t\t\t<div class=\"elementor-widget-container\">\n\t\t\t\t\t\t\t\t\t<div class=\"elementor-button-wrapper\">\n\t\t\t\t\t<a class=\"elementor-button elementor-button-link elementor-size-md\" href=\"https:\/\/aslambusiness.live-website.com\/index.php\/contacto\/\">\n\t\t\t\t\t\t<span class=\"elementor-button-content-wrapper\">\n\t\t\t\t\t\t<span class=\"elementor-button-icon\">\n\t\t\t\t<i aria-hidden=\"true\" class=\"fas fa-long-arrow-alt-right\"><\/i>\t\t\t<\/span>\n\t\t\t\t\t\t\t\t\t<span class=\"elementor-button-text\">Cont\u00e1ctanos<\/span>\n\t\t\t\t\t<\/span>\n\t\t\t\t\t<\/a>\n\t\t\t\t<\/div>\n\t\t\t\t\t\t\t\t<\/div>\n\t\t\t\t<\/div>\n\t\t\t\t\t<\/div>\n\t\t<\/div>\n\t\t\t\t\t<\/div>\n\t\t<\/section>\n\t\t\t\t<\/div>\n\t\t","protected":false},"excerpt":{"rendered":"<p>nuestros sistemas de gesti\u00f3n Productos Destacamos por excelencia Aslam en el sector sanitario Gracias a nuestro esfuerzo y nuestra labor profesional, hemos adquirido los conocimientos y las herramientas necesarias para formar parte del elenco de las mejores empresas tecnol\u00f3gicas expertas en el sector sanitario. Esta posici\u00f3n nos ha brindado la oportunidad de ejecutar e integrar [&hellip;]<\/p>\n","protected":false},"author":3,"featured_media":0,"parent":0,"menu_order":0,"comment_status":"closed","ping_status":"closed","template":"","meta":{"footnotes":""},"class_list":["post-13","page","type-page","status-publish","hentry"],"yoast_head":"<!-- This site is optimized with the Yoast SEO plugin v27.4 - https:\/\/yoast.com\/product\/yoast-seo-wordpress\/ -->\n<title>Productos -<\/title>\n<meta name=\"robots\" content=\"index, follow, max-snippet:-1, max-image-preview:large, max-video-preview:-1\" \/>\n<link rel=\"canonical\" href=\"https:\/\/aslambusinesscorp.es\/index.php\/productos\/\" \/>\n<meta property=\"og:locale\" content=\"es_ES\" \/>\n<meta property=\"og:type\" content=\"article\" \/>\n<meta property=\"og:title\" content=\"Productos -\" \/>\n<meta property=\"og:description\" content=\"nuestros sistemas de gesti\u00f3n Productos Destacamos por excelencia Aslam en el sector sanitario Gracias a nuestro esfuerzo y nuestra labor profesional, hemos adquirido los conocimientos y las herramientas necesarias para formar parte del elenco de las mejores empresas tecnol\u00f3gicas expertas en el sector sanitario. Esta posici\u00f3n nos ha brindado la oportunidad de ejecutar e integrar [&hellip;]\" \/>\n<meta property=\"og:url\" content=\"https:\/\/aslambusinesscorp.es\/index.php\/productos\/\" \/>\n<meta property=\"article:publisher\" content=\"https:\/\/es-es.facebook.com\/ASLAMNEWIT\/\" \/>\n<meta property=\"article:modified_time\" content=\"2023-08-07T14:32:22+00:00\" \/>\n<meta name=\"twitter:card\" content=\"summary_large_image\" \/>\n<meta name=\"twitter:site\" content=\"@aslamnewit\" \/>\n<meta name=\"twitter:label1\" content=\"Tiempo de lectura\" \/>\n\t<meta name=\"twitter:data1\" content=\"2 minutos\" \/>\n<script type=\"application\/ld+json\" class=\"yoast-schema-graph\">{\"@context\":\"https:\\\/\\\/schema.org\",\"@graph\":[{\"@type\":\"WebPage\",\"@id\":\"https:\\\/\\\/aslambusinesscorp.es\\\/index.php\\\/productos\\\/\",\"url\":\"https:\\\/\\\/aslambusinesscorp.es\\\/index.php\\\/productos\\\/\",\"name\":\"Productos -\",\"isPartOf\":{\"@id\":\"https:\\\/\\\/aslambusinesscorp.es\\\/#website\"},\"datePublished\":\"2022-11-28T13:46:36+00:00\",\"dateModified\":\"2023-08-07T14:32:22+00:00\",\"inLanguage\":\"es\",\"potentialAction\":[{\"@type\":\"ReadAction\",\"target\":[\"https:\\\/\\\/aslambusinesscorp.es\\\/index.php\\\/productos\\\/\"]}]},{\"@type\":\"WebSite\",\"@id\":\"https:\\\/\\\/aslambusinesscorp.es\\\/#website\",\"url\":\"https:\\\/\\\/aslambusinesscorp.es\\\/\",\"name\":\"\",\"description\":\"\",\"potentialAction\":[{\"@type\":\"SearchAction\",\"target\":{\"@type\":\"EntryPoint\",\"urlTemplate\":\"https:\\\/\\\/aslambusinesscorp.es\\\/?s={search_term_string}\"},\"query-input\":{\"@type\":\"PropertyValueSpecification\",\"valueRequired\":true,\"valueName\":\"search_term_string\"}}],\"inLanguage\":\"es\"}]}<\/script>\n<!-- \/ Yoast SEO plugin. -->","yoast_head_json":{"title":"Productos -","robots":{"index":"index","follow":"follow","max-snippet":"max-snippet:-1","max-image-preview":"max-image-preview:large","max-video-preview":"max-video-preview:-1"},"canonical":"https:\/\/aslambusinesscorp.es\/index.php\/productos\/","og_locale":"es_ES","og_type":"article","og_title":"Productos -","og_description":"nuestros sistemas de gesti\u00f3n Productos Destacamos por excelencia Aslam en el sector sanitario Gracias a nuestro esfuerzo y nuestra labor profesional, hemos adquirido los conocimientos y las herramientas necesarias para formar parte del elenco de las mejores empresas tecnol\u00f3gicas expertas en el sector sanitario. Esta posici\u00f3n nos ha brindado la oportunidad de ejecutar e integrar [&hellip;]","og_url":"https:\/\/aslambusinesscorp.es\/index.php\/productos\/","article_publisher":"https:\/\/es-es.facebook.com\/ASLAMNEWIT\/","article_modified_time":"2023-08-07T14:32:22+00:00","twitter_card":"summary_large_image","twitter_site":"@aslamnewit","twitter_misc":{"Tiempo de lectura":"2 minutos"},"schema":{"@context":"https:\/\/schema.org","@graph":[{"@type":"WebPage","@id":"https:\/\/aslambusinesscorp.es\/index.php\/productos\/","url":"https:\/\/aslambusinesscorp.es\/index.php\/productos\/","name":"Productos -","isPartOf":{"@id":"https:\/\/aslambusinesscorp.es\/#website"},"datePublished":"2022-11-28T13:46:36+00:00","dateModified":"2023-08-07T14:32:22+00:00","inLanguage":"es","potentialAction":[{"@type":"ReadAction","target":["https:\/\/aslambusinesscorp.es\/index.php\/productos\/"]}]},{"@type":"WebSite","@id":"https:\/\/aslambusinesscorp.es\/#website","url":"https:\/\/aslambusinesscorp.es\/","name":"","description":"","potentialAction":[{"@type":"SearchAction","target":{"@type":"EntryPoint","urlTemplate":"https:\/\/aslambusinesscorp.es\/?s={search_term_string}"},"query-input":{"@type":"PropertyValueSpecification","valueRequired":true,"valueName":"search_term_string"}}],"inLanguage":"es"}]}},"_links":{"self":[{"href":"https:\/\/aslambusinesscorp.es\/index.php\/wp-json\/wp\/v2\/pages\/13","targetHints":{"allow":["GET"]}}],"collection":[{"href":"https:\/\/aslambusinesscorp.es\/index.php\/wp-json\/wp\/v2\/pages"}],"about":[{"href":"https:\/\/aslambusinesscorp.es\/index.php\/wp-json\/wp\/v2\/types\/page"}],"author":[{"embeddable":true,"href":"https:\/\/aslambusinesscorp.es\/index.php\/wp-json\/wp\/v2\/users\/3"}],"replies":[{"embeddable":true,"href":"https:\/\/aslambusinesscorp.es\/index.php\/wp-json\/wp\/v2\/comments?post=13"}],"version-history":[{"count":23,"href":"https:\/\/aslambusinesscorp.es\/index.php\/wp-json\/wp\/v2\/pages\/13\/revisions"}],"predecessor-version":[{"id":2313,"href":"https:\/\/aslambusinesscorp.es\/index.php\/wp-json\/wp\/v2\/pages\/13\/revisions\/2313"}],"wp:attachment":[{"href":"https:\/\/aslambusinesscorp.es\/index.php\/wp-json\/wp\/v2\/media?parent=13"}],"curies":[{"name":"wp","href":"https:\/\/api.w.org\/{rel}","templated":true}]}}